{"id":362,"date":"2024-01-08T20:11:27","date_gmt":"2024-01-08T20:11:27","guid":{"rendered":"https:\/\/congresosemnim.com\/2024\/?page_id=362"},"modified":"2024-02-11T18:32:12","modified_gmt":"2024-02-11T18:32:12","slug":"comite-local","status":"publish","type":"page","link":"https:\/\/congresosemnim.com\/2024\/comite-local\/","title":{"rendered":"Comit\u00e9 Local"},"content":{"rendered":"\n<div class=\"wp-block-stackable-columns stk-block-columns stk-block stk-a08a67b\" data-block-id=\"a08a67b\"><style>.stk-a08a67b-column{--stk-columns-spacing:0px !important}<\/style><div class=\"stk-row stk-inner-blocks stk-block-content stk-content-align stk-a08a67b-column\">\n<div class=\"wp-block-stackable-column stk-block-column stk-column stk-block stk-7748f0f\" data-v=\"4\" data-block-id=\"7748f0f\"><style>.stk-7748f0f{padding-right:30px !important}@media screen and (max-width:767px){.stk-7748f0f{padding-right:0px !important;margin-bottom:50px !important}}<\/style><div class=\"stk-column-wrapper stk-block-column__content stk-container stk-7748f0f-container stk--no-background stk--no-padding\"><div class=\"stk-block-content stk-inner-blocks stk-7748f0f-inner-blocks\">\n<div class=\"wp-block-stackable-heading stk-block-heading stk-block-heading--v2 stk-block stk-e51507a\" id=\"presidenta\" data-block-id=\"e51507a\"><style>.stk-e51507a{margin-bottom:50px !important}.stk-e51507a .stk-block-heading__text{color:var(u002du002dtheme-palette-color-3,#094AAD) !important}.stk-e51507a .stk-block-heading__bottom-line{height:2px !important;width:98% !important;background-color:var(u002du002dtheme-palette-color-3,#094AAD) !important;margin-top:15px !important}<\/style><h2 class=\"stk-block-heading__text has-text-color\">Presidenta<\/h2><div class=\"stk-block-heading__bottom-line\"><\/div><\/div>\n\n\n\n<ul class=\"perfiles-simple perfiles-simple-columna wp-block-list\">\n<li>Elena Go\u00f1i Giron\u00e9s<br><strong>Hospital Universitario de Navarra Pamplona<\/strong><\/li>\n<\/ul>\n<\/div><\/div><\/div>\n\n\n\n<div class=\"wp-block-stackable-column stk-block-column stk-column stk-block stk-669ce90\" data-v=\"4\" data-block-id=\"669ce90\"><div class=\"stk-column-wrapper stk-block-column__content stk-container stk-669ce90-container stk--no-background stk--no-padding\"><div class=\"stk-block-content stk-inner-blocks stk-669ce90-inner-blocks\">\n<div class=\"wp-block-stackable-heading stk-block-heading stk-block-heading--v2 stk-block stk-394a7ed\" id=\"vicepresidente\" data-block-id=\"394a7ed\"><style>.stk-394a7ed{margin-bottom:50px !important}.stk-394a7ed .stk-block-heading__text{color:var(u002du002dtheme-palette-color-3,#094AAD) !important}.stk-394a7ed .stk-block-heading__bottom-line{height:2px !important;width:98% !important;background-color:var(u002du002dtheme-palette-color-3,#094AAD) !important;margin-top:15px !important}<\/style><h2 class=\"stk-block-heading__text has-text-color\">Vicepresidente<\/h2><div class=\"stk-block-heading__bottom-line\"><\/div><\/div>\n\n\n\n<ul class=\"perfiles-simple perfiles-simple-columna wp-block-list\">\n<li>Javier Arbizu Lostao<br><strong>Cl\u00ednica Universidad de Navarra<\/strong><\/li>\n<\/ul>\n<\/div><\/div><\/div>\n<\/div><\/div>\n\n\n\n<div class=\"wp-block-stackable-spacer stk-block-spacer stk--no-padding stk-block stk-3f7757f\" data-block-id=\"3f7757f\"><\/div>\n\n\n\n<div class=\"wp-block-stackable-heading stk-block-heading stk-block-heading--v2 stk-block stk-9dfd330\" id=\"vocales\" data-block-id=\"9dfd330\"><style>.stk-9dfd330{margin-bottom:50px !important}.stk-9dfd330 .stk-block-heading__text{color:var(u002du002dtheme-palette-color-3,#094AAD) !important}.stk-9dfd330 .stk-block-heading__bottom-line{height:2px !important;width:98% !important;background-color:var(u002du002dtheme-palette-color-3,#094AAD) !important;margin-top:15px !important}<\/style><h2 class=\"stk-block-heading__text has-text-color\">Vocales<\/h2><div class=\"stk-block-heading__bottom-line\"><\/div><\/div>\n\n\n\n<ul class=\"perfiles-simple wp-block-list\">\n<li>Isabel Blanco S\u00e1iz<br><strong>Hospital Universitario de Navarra<\/strong><\/li>\n\n\n\n<li>Maria Jos\u00e9 Garc\u00eda Velloso<br><strong>Cl\u00ednica Universidad de Navarra<\/strong><\/li>\n\n\n\n<li>Mar\u00eda Jes\u00fas Ribelles Segura<br><strong>Hospital Universitario de Navarra<\/strong>\u00a1<\/li>\n\n\n\n<li>Iv\u00e1n Pe\u00f1uelas S\u00e1nchez<br><strong>Cl\u00ednica Universidad de Navarra<\/strong><\/li>\n\n\n\n<li>Fabio A. Lozada Delgado<br><strong>Hospital Universitario de Navarra<\/strong><\/li>\n\n\n\n<li>Macarena Rodriguez Fraile<\/li>\n\n\n\n<li>Nikola A. Rudic Chipe<br><strong>Hospital Universitario de Navarra<\/strong><\/li>\n<\/ul>\n\n\n\n<div class=\"wp-block-stackable-spacer stk-block-spacer stk--no-padding stk-block stk-5396a1e\" data-block-id=\"5396a1e\"><style>.stk-5396a1e{height:100px !important}<\/style><\/div>\n","protected":false},"excerpt":{"rendered":"<p>Presidenta Vicepresidente Vocales<\/p>\n","protected":false},"author":1,"featured_media":0,"parent":0,"menu_order":0,"comment_status":"closed","ping_status":"closed","template":"","meta":{"footnotes":""},"class_list":["post-362","page","type-page","status-publish","hentry"],"blocksy_meta":{"page_structure_type":"type-3","styles_descriptor":{"styles":{"desktop":"","tablet":"","mobile":""},"google_fonts":[],"version":6}},"yoast_head":"<!-- This site is optimized with the Yoast SEO plugin v24.3 - https:\/\/yoast.com\/wordpress\/plugins\/seo\/ -->\n<title>Comit\u00e9 Local - Congreso SEMNIM 2024<\/title>\n<meta name=\"robots\" content=\"index, follow, max-snippet:-1, max-image-preview:large, max-video-preview:-1\" \/>\n<link rel=\"canonical\" href=\"https:\/\/congresosemnim.com\/2024\/comite-local\/\" \/>\n<meta property=\"og:locale\" content=\"es_ES\" \/>\n<meta property=\"og:type\" content=\"article\" \/>\n<meta property=\"og:title\" content=\"Comit\u00e9 Local - Congreso SEMNIM 2024\" \/>\n<meta property=\"og:description\" content=\"Presidenta Vicepresidente Vocales\" \/>\n<meta property=\"og:url\" content=\"https:\/\/congresosemnim.com\/2024\/comite-local\/\" \/>\n<meta property=\"og:site_name\" content=\"Congreso SEMNIM 2024\" \/>\n<meta property=\"article:modified_time\" content=\"2024-02-11T18:32:12+00:00\" \/>\n<meta name=\"twitter:card\" content=\"summary_large_image\" \/>\n<meta name=\"twitter:label1\" content=\"Tiempo de lectura\" \/>\n\t<meta name=\"twitter:data1\" content=\"1 minuto\" \/>\n<script type=\"application\/ld+json\" class=\"yoast-schema-graph\">{\"@context\":\"https:\/\/schema.org\",\"@graph\":[{\"@type\":\"WebPage\",\"@id\":\"https:\/\/congresosemnim.com\/2024\/comite-local\/\",\"url\":\"https:\/\/congresosemnim.com\/2024\/comite-local\/\",\"name\":\"Comit\u00e9 Local - Congreso SEMNIM 2024\",\"isPartOf\":{\"@id\":\"https:\/\/congresosemnim.com\/2024\/#website\"},\"datePublished\":\"2024-01-08T20:11:27+00:00\",\"dateModified\":\"2024-02-11T18:32:12+00:00\",\"breadcrumb\":{\"@id\":\"https:\/\/congresosemnim.com\/2024\/comite-local\/#breadcrumb\"},\"inLanguage\":\"es\",\"potentialAction\":[{\"@type\":\"ReadAction\",\"target\":[\"https:\/\/congresosemnim.com\/2024\/comite-local\/\"]}]},{\"@type\":\"BreadcrumbList\",\"@id\":\"https:\/\/congresosemnim.com\/2024\/comite-local\/#breadcrumb\",\"itemListElement\":[{\"@type\":\"ListItem\",\"position\":1,\"name\":\"Portada\",\"item\":\"https:\/\/congresosemnim.com\/2024\/\"},{\"@type\":\"ListItem\",\"position\":2,\"name\":\"Comit\u00e9 Local\"}]},{\"@type\":\"WebSite\",\"@id\":\"https:\/\/congresosemnim.com\/2024\/#website\",\"url\":\"https:\/\/congresosemnim.com\/2024\/\",\"name\":\"Congreso SEMNIM 2024\",\"description\":\"Pamplona, 22 al 24 de mayo de 2024\",\"publisher\":{\"@id\":\"https:\/\/congresosemnim.com\/2024\/#organization\"},\"potentialAction\":[{\"@type\":\"SearchAction\",\"target\":{\"@type\":\"EntryPoint\",\"urlTemplate\":\"https:\/\/congresosemnim.com\/2024\/?s={search_term_string}\"},\"query-input\":{\"@type\":\"PropertyValueSpecification\",\"valueRequired\":true,\"valueName\":\"search_term_string\"}}],\"inLanguage\":\"es\"},{\"@type\":\"Organization\",\"@id\":\"https:\/\/congresosemnim.com\/2024\/#organization\",\"name\":\"Congreso SEMNIM 2024\",\"url\":\"https:\/\/congresosemnim.com\/2024\/\",\"logo\":{\"@type\":\"ImageObject\",\"inLanguage\":\"es\",\"@id\":\"https:\/\/congresosemnim.com\/2024\/#\/schema\/logo\/image\/\",\"url\":\"https:\/\/congresosemnim.com\/2024\/wp-content\/uploads\/2023\/11\/logo-semnim-01.svg\",\"contentUrl\":\"https:\/\/congresosemnim.com\/2024\/wp-content\/uploads\/2023\/11\/logo-semnim-01.svg\",\"width\":542,\"height\":140,\"caption\":\"Congreso SEMNIM 2024\"},\"image\":{\"@id\":\"https:\/\/congresosemnim.com\/2024\/#\/schema\/logo\/image\/\"}}]}<\/script>\n<!-- \/ Yoast SEO plugin. -->","yoast_head_json":{"title":"Comit\u00e9 Local - Congreso SEMNIM 2024","robots":{"index":"index","follow":"follow","max-snippet":"max-snippet:-1","max-image-preview":"max-image-preview:large","max-video-preview":"max-video-preview:-1"},"canonical":"https:\/\/congresosemnim.com\/2024\/comite-local\/","og_locale":"es_ES","og_type":"article","og_title":"Comit\u00e9 Local - Congreso SEMNIM 2024","og_description":"Presidenta Vicepresidente Vocales","og_url":"https:\/\/congresosemnim.com\/2024\/comite-local\/","og_site_name":"Congreso SEMNIM 2024","article_modified_time":"2024-02-11T18:32:12+00:00","twitter_card":"summary_large_image","twitter_misc":{"Tiempo de lectura":"1 minuto"},"schema":{"@context":"https:\/\/schema.org","@graph":[{"@type":"WebPage","@id":"https:\/\/congresosemnim.com\/2024\/comite-local\/","url":"https:\/\/congresosemnim.com\/2024\/comite-local\/","name":"Comit\u00e9 Local - Congreso SEMNIM 2024","isPartOf":{"@id":"https:\/\/congresosemnim.com\/2024\/#website"},"datePublished":"2024-01-08T20:11:27+00:00","dateModified":"2024-02-11T18:32:12+00:00","breadcrumb":{"@id":"https:\/\/congresosemnim.com\/2024\/comite-local\/#breadcrumb"},"inLanguage":"es","potentialAction":[{"@type":"ReadAction","target":["https:\/\/congresosemnim.com\/2024\/comite-local\/"]}]},{"@type":"BreadcrumbList","@id":"https:\/\/congresosemnim.com\/2024\/comite-local\/#breadcrumb","itemListElement":[{"@type":"ListItem","position":1,"name":"Portada","item":"https:\/\/congresosemnim.com\/2024\/"},{"@type":"ListItem","position":2,"name":"Comit\u00e9 Local"}]},{"@type":"WebSite","@id":"https:\/\/congresosemnim.com\/2024\/#website","url":"https:\/\/congresosemnim.com\/2024\/","name":"Congreso SEMNIM 2024","description":"Pamplona, 22 al 24 de mayo de 2024","publisher":{"@id":"https:\/\/congresosemnim.com\/2024\/#organization"},"potentialAction":[{"@type":"SearchAction","target":{"@type":"EntryPoint","urlTemplate":"https:\/\/congresosemnim.com\/2024\/?s={search_term_string}"},"query-input":{"@type":"PropertyValueSpecification","valueRequired":true,"valueName":"search_term_string"}}],"inLanguage":"es"},{"@type":"Organization","@id":"https:\/\/congresosemnim.com\/2024\/#organization","name":"Congreso SEMNIM 2024","url":"https:\/\/congresosemnim.com\/2024\/","logo":{"@type":"ImageObject","inLanguage":"es","@id":"https:\/\/congresosemnim.com\/2024\/#\/schema\/logo\/image\/","url":"https:\/\/congresosemnim.com\/2024\/wp-content\/uploads\/2023\/11\/logo-semnim-01.svg","contentUrl":"https:\/\/congresosemnim.com\/2024\/wp-content\/uploads\/2023\/11\/logo-semnim-01.svg","width":542,"height":140,"caption":"Congreso SEMNIM 2024"},"image":{"@id":"https:\/\/congresosemnim.com\/2024\/#\/schema\/logo\/image\/"}}]}},"_links":{"self":[{"href":"https:\/\/congresosemnim.com\/2024\/wp-json\/wp\/v2\/pages\/362","targetHints":{"allow":["GET"]}}],"collection":[{"href":"https:\/\/congresosemnim.com\/2024\/wp-json\/wp\/v2\/pages"}],"about":[{"href":"https:\/\/congresosemnim.com\/2024\/wp-json\/wp\/v2\/types\/page"}],"author":[{"embeddable":true,"href":"https:\/\/congresosemnim.com\/2024\/wp-json\/wp\/v2\/users\/1"}],"replies":[{"embeddable":true,"href":"https:\/\/congresosemnim.com\/2024\/wp-json\/wp\/v2\/comments?post=362"}],"version-history":[{"count":9,"href":"https:\/\/congresosemnim.com\/2024\/wp-json\/wp\/v2\/pages\/362\/revisions"}],"predecessor-version":[{"id":576,"href":"https:\/\/congresosemnim.com\/2024\/wp-json\/wp\/v2\/pages\/362\/revisions\/576"}],"wp:attachment":[{"href":"https:\/\/congresosemnim.com\/2024\/wp-json\/wp\/v2\/media?parent=362"}],"curies":[{"name":"wp","href":"https:\/\/api.w.org\/{rel}","templated":true}]}}