{"id":199,"date":"2023-10-31T06:55:38","date_gmt":"2023-10-31T06:55:38","guid":{"rendered":"https:\/\/congresosemnim.com\/2024\/?page_id=199"},"modified":"2023-10-31T07:01:05","modified_gmt":"2023-10-31T07:01:05","slug":"semnim","status":"publish","type":"page","link":"https:\/\/congresosemnim.com\/2024\/semnim\/","title":{"rendered":"SEMNIM"},"content":{"rendered":"\n<p><br>La SEMNIM es una organizaci\u00f3n m\u00e9dico-cient\u00edfica y profesional sin \u00e1nimo de lucro creada para mejorar la salud de las personas, mediante la utilizaci\u00f3n de los procedimientos diagn\u00f3sticos de medicina nuclear, imagen molecular y terapia con is\u00f3topos radiactivos, impulsando la docencia, el desarrollo, la formaci\u00f3n, investigaci\u00f3n y gesti\u00f3n en Medicina Nuclear.<\/p>\n\n\n\n<p>Su objetivo es ser la sociedad cient\u00edfica y profesional de referencia a nivel nacional e internacional, fuente de opini\u00f3n y conocimiento riguroso sobre Medicina Nuclear para los pacientes, las instituciones sanitarias y acad\u00e9micas y la sociedad. Aportar valor atendiendo las necesidades formativas y cient\u00edficas de los socios, velando por una atenci\u00f3n segura y de calidad a los pacientes. Para ello la SEMNIM colabora con los organismos oficiales, otras sociedades m\u00e9dicas y organizaciones relacionadas con la salud.<\/p>\n\n\n\n<div class=\"wp-block-stackable-columns stk-block-columns stk-block stk-fd7d090 stk-block-background stk--has-background-overlay\" data-block-id=\"fd7d090\"><style>.stk-fd7d090 .stk--block-align-fd7d090{align-items:center !important}.stk-fd7d090{background-color:linear-gradient(135deg,rgb(9,74,173) 0%,rgb(126,136,207) 98%) !important;border-top-left-radius:5px !important;border-top-right-radius:5px !important;border-bottom-right-radius:5px !important;border-bottom-left-radius:5px !important;overflow:hidden !important;align-items:center !important;padding-left:40px !important;display:flex !important}.stk-fd7d090:before{background-image:linear-gradient(135deg,rgb(9,74,173) 0%,rgb(126,136,207) 98%) !important}<\/style><div class=\"stk-row stk-inner-blocks stk--block-align-fd7d090 stk-block-content stk-content-align stk-fd7d090-column\">\n<div class=\"wp-block-stackable-column stk-block-column stk-column stk-block stk-beb2f88\" data-v=\"4\" data-block-id=\"beb2f88\"><style>.stk-beb2f88-container{margin-top:0px !important;margin-right:0px !important;margin-bottom:0px !important;margin-left:0px !important}@media screen and (min-width:768px){.stk-beb2f88{flex:1 1 calc(60% - var(--stk-column-gap,0px) * 1 \/ 2 ) !important}}<\/style><div class=\"stk-column-wrapper stk-block-column__content stk-container stk-beb2f88-container stk--no-background stk--no-padding\"><div class=\"stk-block-content stk-inner-blocks stk-beb2f88-inner-blocks\">\n<p class=\"has-palette-color-2-color has-text-color has-medium-font-size\"><strong>\u00bfQuieres hacerte socio-a de la SEMNIM?<\/strong><\/p>\n<\/div><\/div><\/div>\n\n\n\n<div class=\"wp-block-stackable-column stk-block-column stk-column stk-block stk-7658bf9\" data-v=\"4\" data-block-id=\"7658bf9\"><style>.stk-7658bf9-container{margin-top:0px !important;margin-right:0px !important;margin-bottom:0px !important;margin-left:0px !important;padding-top:0px !important;padding-right:0px !important;padding-bottom:0px !important;padding-left:0px !important}.stk-7658bf9{padding-top:0px !important;padding-right:0px !important;padding-bottom:0px !important;padding-left:0px !important;margin-top:0px !important;margin-bottom:0px !important}@media screen and (min-width:768px){.stk-7658bf9{flex:1 1 calc(40% - var(--stk-column-gap,0px) * 1 \/ 2 ) !important}}<\/style><div class=\"stk-column-wrapper stk-block-column__content stk-container stk-7658bf9-container stk--no-background stk--no-padding\"><div class=\"stk-block-content stk-inner-blocks stk-7658bf9-inner-blocks\">\n<div class=\"wp-block-buttons is-content-justification-right is-layout-flex wp-container-core-buttons-is-layout-d445cf74 wp-block-buttons-is-layout-flex\">\n<div class=\"wp-block-button has-custom-font-size\" style=\"font-size:clamp(14px, 0.875rem + ((1vw - 3.2px) * 0.313), 18px);\"><a class=\"wp-block-button__link has-palette-color-7-color has-palette-color-2-background-color has-text-color has-background has-text-align-right wp-element-button\" href=\"https:\/\/semnim.es\/producto\/cuota-de-socio-2023-copia\/\" target=\"_blank\" rel=\"noreferrer noopener\">Cuotas y beneficios<\/a><\/div>\n<\/div>\n<\/div><\/div><\/div>\n<\/div><\/div>\n\n\n\n<div class=\"wp-block-stackable-columns stk-block-columns stk-block stk-1c22d3e stk-block-background stk--has-background-overlay\" data-block-id=\"1c22d3e\"><style>.stk-1c22d3e .stk--block-align-1c22d3e{align-items:center !important}.stk-1c22d3e{background-color:linear-gradient(135deg,rgb(9,74,173) 0%,rgb(126,136,207) 98%) !important;border-top-left-radius:5px !important;border-top-right-radius:5px !important;border-bottom-right-radius:5px !important;border-bottom-left-radius:5px !important;overflow:hidden !important;align-items:center !important;padding-left:40px !important;display:flex !important}.stk-1c22d3e:before{background-image:linear-gradient(135deg,rgb(9,74,173) 0%,rgb(126,136,207) 98%) !important}<\/style><div class=\"stk-row stk-inner-blocks stk--block-align-1c22d3e stk-block-content stk-content-align stk-1c22d3e-column\">\n<div class=\"wp-block-stackable-column stk-block-column stk-column stk-block stk-5b87fe1\" data-v=\"4\" data-block-id=\"5b87fe1\"><style>.stk-5b87fe1-container{margin-top:0px !important;margin-right:0px !important;margin-bottom:0px !important;margin-left:0px !important}@media screen and (min-width:768px){.stk-5b87fe1{flex:1 1 calc(60% - var(--stk-column-gap,0px) * 1 \/ 2 ) !important}}<\/style><div class=\"stk-column-wrapper stk-block-column__content stk-container stk-5b87fe1-container stk--no-background stk--no-padding\"><div class=\"stk-block-content stk-inner-blocks stk-5b87fe1-inner-blocks\">\n<p class=\"has-palette-color-2-color has-text-color has-medium-font-size\"><strong>Web de la SEMNIM<\/strong><\/p>\n<\/div><\/div><\/div>\n\n\n\n<div class=\"wp-block-stackable-column stk-block-column stk-column stk-block stk-a3c6579\" data-v=\"4\" data-block-id=\"a3c6579\"><style>.stk-a3c6579-container{margin-top:0px !important;margin-right:0px !important;margin-bottom:0px !important;margin-left:0px !important;padding-top:0px !important;padding-right:0px !important;padding-bottom:0px !important;padding-left:0px !important}.stk-a3c6579{padding-top:0px !important;padding-right:0px !important;padding-bottom:0px !important;padding-left:0px !important;margin-top:0px !important;margin-bottom:0px !important}@media screen and (min-width:768px){.stk-a3c6579{flex:1 1 calc(40% - var(--stk-column-gap,0px) * 1 \/ 2 ) !important}}<\/style><div class=\"stk-column-wrapper stk-block-column__content stk-container stk-a3c6579-container stk--no-background stk--no-padding\"><div class=\"stk-block-content stk-inner-blocks stk-a3c6579-inner-blocks\">\n<div class=\"wp-block-buttons is-content-justification-right is-layout-flex wp-container-core-buttons-is-layout-d445cf74 wp-block-buttons-is-layout-flex\">\n<div class=\"wp-block-button has-custom-font-size\" style=\"font-size:clamp(14px, 0.875rem + ((1vw - 3.2px) * 0.313), 18px);\"><a class=\"wp-block-button__link has-palette-color-7-color has-palette-color-2-background-color has-text-color has-background has-text-align-right wp-element-button\" href=\"https:\/\/semnim.es\/\" target=\"_blank\" rel=\"noreferrer noopener\">Acceder<\/a><\/div>\n<\/div>\n<\/div><\/div><\/div>\n<\/div><\/div>\n","protected":false},"excerpt":{"rendered":"<p>La SEMNIM es una organizaci\u00f3n m\u00e9dico-cient\u00edfica y profesional sin \u00e1nimo de lucro creada para mejorar la salud de las personas, mediante la utilizaci\u00f3n de los procedimientos diagn\u00f3sticos de medicina nuclear, imagen molecular y terapia con is\u00f3topos radiactivos, impulsando la docencia, el desarrollo, la formaci\u00f3n, investigaci\u00f3n y gesti\u00f3n en Medicina Nuclear. Su objetivo es ser la [&hellip;]<\/p>\n","protected":false},"author":1,"featured_media":141,"parent":0,"menu_order":0,"comment_status":"closed","ping_status":"closed","template":"","meta":{"footnotes":""},"class_list":["post-199","page","type-page","status-publish","has-post-thumbnail","hentry"],"blocksy_meta":{"page_structure_type":"type-3"},"yoast_head":"<!-- This site is optimized with the Yoast SEO plugin v24.3 - https:\/\/yoast.com\/wordpress\/plugins\/seo\/ -->\n<title>SEMNIM - Congreso SEMNIM 2024<\/title>\n<meta name=\"description\" content=\"Pamplona, 22 al 24 de mayo de 2024. Sociedad Espa\u00f1ola de Medicina Nuclear e Imagen Molecular.\" \/>\n<meta name=\"robots\" content=\"index, follow, max-snippet:-1, max-image-preview:large, max-video-preview:-1\" \/>\n<link rel=\"canonical\" href=\"https:\/\/congresosemnim.com\/2024\/semnim\/\" \/>\n<meta property=\"og:locale\" content=\"es_ES\" \/>\n<meta property=\"og:type\" content=\"article\" \/>\n<meta property=\"og:title\" content=\"SEMNIM - Congreso SEMNIM 2024\" \/>\n<meta property=\"og:description\" content=\"Pamplona, 22 al 24 de mayo de 2024. Sociedad Espa\u00f1ola de Medicina Nuclear e Imagen Molecular.\" \/>\n<meta property=\"og:url\" content=\"https:\/\/congresosemnim.com\/2024\/semnim\/\" \/>\n<meta property=\"og:site_name\" content=\"Congreso SEMNIM 2024\" \/>\n<meta property=\"article:modified_time\" content=\"2023-10-31T07:01:05+00:00\" \/>\n<meta property=\"og:image\" content=\"https:\/\/congresosemnim.com\/2024\/wp-content\/uploads\/2023\/10\/seo-semnim.png\" \/>\n\t<meta property=\"og:image:width\" content=\"1200\" \/>\n\t<meta property=\"og:image:height\" content=\"800\" \/>\n\t<meta property=\"og:image:type\" content=\"image\/png\" \/>\n<meta name=\"twitter:card\" content=\"summary_large_image\" \/>\n<meta name=\"twitter:label1\" content=\"Tiempo de lectura\" \/>\n\t<meta name=\"twitter:data1\" content=\"1 minuto\" \/>\n<script type=\"application\/ld+json\" class=\"yoast-schema-graph\">{\"@context\":\"https:\/\/schema.org\",\"@graph\":[{\"@type\":\"WebPage\",\"@id\":\"https:\/\/congresosemnim.com\/2024\/semnim\/\",\"url\":\"https:\/\/congresosemnim.com\/2024\/semnim\/\",\"name\":\"SEMNIM - Congreso SEMNIM 2024\",\"isPartOf\":{\"@id\":\"https:\/\/congresosemnim.com\/2024\/#website\"},\"primaryImageOfPage\":{\"@id\":\"https:\/\/congresosemnim.com\/2024\/semnim\/#primaryimage\"},\"image\":{\"@id\":\"https:\/\/congresosemnim.com\/2024\/semnim\/#primaryimage\"},\"thumbnailUrl\":\"https:\/\/congresosemnim.com\/2024\/wp-content\/uploads\/2023\/10\/seo-semnim.png\",\"datePublished\":\"2023-10-31T06:55:38+00:00\",\"dateModified\":\"2023-10-31T07:01:05+00:00\",\"description\":\"Pamplona, 22 al 24 de mayo de 2024. Sociedad Espa\u00f1ola de Medicina Nuclear e Imagen Molecular.\",\"breadcrumb\":{\"@id\":\"https:\/\/congresosemnim.com\/2024\/semnim\/#breadcrumb\"},\"inLanguage\":\"es\",\"potentialAction\":[{\"@type\":\"ReadAction\",\"target\":[\"https:\/\/congresosemnim.com\/2024\/semnim\/\"]}]},{\"@type\":\"ImageObject\",\"inLanguage\":\"es\",\"@id\":\"https:\/\/congresosemnim.com\/2024\/semnim\/#primaryimage\",\"url\":\"https:\/\/congresosemnim.com\/2024\/wp-content\/uploads\/2023\/10\/seo-semnim.png\",\"contentUrl\":\"https:\/\/congresosemnim.com\/2024\/wp-content\/uploads\/2023\/10\/seo-semnim.png\",\"width\":1200,\"height\":800},{\"@type\":\"BreadcrumbList\",\"@id\":\"https:\/\/congresosemnim.com\/2024\/semnim\/#breadcrumb\",\"itemListElement\":[{\"@type\":\"ListItem\",\"position\":1,\"name\":\"Portada\",\"item\":\"https:\/\/congresosemnim.com\/2024\/\"},{\"@type\":\"ListItem\",\"position\":2,\"name\":\"SEMNIM\"}]},{\"@type\":\"WebSite\",\"@id\":\"https:\/\/congresosemnim.com\/2024\/#website\",\"url\":\"https:\/\/congresosemnim.com\/2024\/\",\"name\":\"Congreso SEMNIM 2024\",\"description\":\"Pamplona, 22 al 24 de mayo de 2024\",\"publisher\":{\"@id\":\"https:\/\/congresosemnim.com\/2024\/#organization\"},\"potentialAction\":[{\"@type\":\"SearchAction\",\"target\":{\"@type\":\"EntryPoint\",\"urlTemplate\":\"https:\/\/congresosemnim.com\/2024\/?s={search_term_string}\"},\"query-input\":{\"@type\":\"PropertyValueSpecification\",\"valueRequired\":true,\"valueName\":\"search_term_string\"}}],\"inLanguage\":\"es\"},{\"@type\":\"Organization\",\"@id\":\"https:\/\/congresosemnim.com\/2024\/#organization\",\"name\":\"Congreso SEMNIM 2024\",\"url\":\"https:\/\/congresosemnim.com\/2024\/\",\"logo\":{\"@type\":\"ImageObject\",\"inLanguage\":\"es\",\"@id\":\"https:\/\/congresosemnim.com\/2024\/#\/schema\/logo\/image\/\",\"url\":\"https:\/\/congresosemnim.com\/2024\/wp-content\/uploads\/2023\/11\/logo-semnim-01.svg\",\"contentUrl\":\"https:\/\/congresosemnim.com\/2024\/wp-content\/uploads\/2023\/11\/logo-semnim-01.svg\",\"width\":542,\"height\":140,\"caption\":\"Congreso SEMNIM 2024\"},\"image\":{\"@id\":\"https:\/\/congresosemnim.com\/2024\/#\/schema\/logo\/image\/\"}}]}<\/script>\n<!-- \/ Yoast SEO plugin. -->","yoast_head_json":{"title":"SEMNIM - Congreso SEMNIM 2024","description":"Pamplona, 22 al 24 de mayo de 2024. Sociedad Espa\u00f1ola de Medicina Nuclear e Imagen Molecular.","robots":{"index":"index","follow":"follow","max-snippet":"max-snippet:-1","max-image-preview":"max-image-preview:large","max-video-preview":"max-video-preview:-1"},"canonical":"https:\/\/congresosemnim.com\/2024\/semnim\/","og_locale":"es_ES","og_type":"article","og_title":"SEMNIM - Congreso SEMNIM 2024","og_description":"Pamplona, 22 al 24 de mayo de 2024. Sociedad Espa\u00f1ola de Medicina Nuclear e Imagen Molecular.","og_url":"https:\/\/congresosemnim.com\/2024\/semnim\/","og_site_name":"Congreso SEMNIM 2024","article_modified_time":"2023-10-31T07:01:05+00:00","og_image":[{"width":1200,"height":800,"url":"https:\/\/congresosemnim.com\/2024\/wp-content\/uploads\/2023\/10\/seo-semnim.png","type":"image\/png"}],"twitter_card":"summary_large_image","twitter_misc":{"Tiempo de lectura":"1 minuto"},"schema":{"@context":"https:\/\/schema.org","@graph":[{"@type":"WebPage","@id":"https:\/\/congresosemnim.com\/2024\/semnim\/","url":"https:\/\/congresosemnim.com\/2024\/semnim\/","name":"SEMNIM - Congreso SEMNIM 2024","isPartOf":{"@id":"https:\/\/congresosemnim.com\/2024\/#website"},"primaryImageOfPage":{"@id":"https:\/\/congresosemnim.com\/2024\/semnim\/#primaryimage"},"image":{"@id":"https:\/\/congresosemnim.com\/2024\/semnim\/#primaryimage"},"thumbnailUrl":"https:\/\/congresosemnim.com\/2024\/wp-content\/uploads\/2023\/10\/seo-semnim.png","datePublished":"2023-10-31T06:55:38+00:00","dateModified":"2023-10-31T07:01:05+00:00","description":"Pamplona, 22 al 24 de mayo de 2024. Sociedad Espa\u00f1ola de Medicina Nuclear e Imagen Molecular.","breadcrumb":{"@id":"https:\/\/congresosemnim.com\/2024\/semnim\/#breadcrumb"},"inLanguage":"es","potentialAction":[{"@type":"ReadAction","target":["https:\/\/congresosemnim.com\/2024\/semnim\/"]}]},{"@type":"ImageObject","inLanguage":"es","@id":"https:\/\/congresosemnim.com\/2024\/semnim\/#primaryimage","url":"https:\/\/congresosemnim.com\/2024\/wp-content\/uploads\/2023\/10\/seo-semnim.png","contentUrl":"https:\/\/congresosemnim.com\/2024\/wp-content\/uploads\/2023\/10\/seo-semnim.png","width":1200,"height":800},{"@type":"BreadcrumbList","@id":"https:\/\/congresosemnim.com\/2024\/semnim\/#breadcrumb","itemListElement":[{"@type":"ListItem","position":1,"name":"Portada","item":"https:\/\/congresosemnim.com\/2024\/"},{"@type":"ListItem","position":2,"name":"SEMNIM"}]},{"@type":"WebSite","@id":"https:\/\/congresosemnim.com\/2024\/#website","url":"https:\/\/congresosemnim.com\/2024\/","name":"Congreso SEMNIM 2024","description":"Pamplona, 22 al 24 de mayo de 2024","publisher":{"@id":"https:\/\/congresosemnim.com\/2024\/#organization"},"potentialAction":[{"@type":"SearchAction","target":{"@type":"EntryPoint","urlTemplate":"https:\/\/congresosemnim.com\/2024\/?s={search_term_string}"},"query-input":{"@type":"PropertyValueSpecification","valueRequired":true,"valueName":"search_term_string"}}],"inLanguage":"es"},{"@type":"Organization","@id":"https:\/\/congresosemnim.com\/2024\/#organization","name":"Congreso SEMNIM 2024","url":"https:\/\/congresosemnim.com\/2024\/","logo":{"@type":"ImageObject","inLanguage":"es","@id":"https:\/\/congresosemnim.com\/2024\/#\/schema\/logo\/image\/","url":"https:\/\/congresosemnim.com\/2024\/wp-content\/uploads\/2023\/11\/logo-semnim-01.svg","contentUrl":"https:\/\/congresosemnim.com\/2024\/wp-content\/uploads\/2023\/11\/logo-semnim-01.svg","width":542,"height":140,"caption":"Congreso SEMNIM 2024"},"image":{"@id":"https:\/\/congresosemnim.com\/2024\/#\/schema\/logo\/image\/"}}]}},"_links":{"self":[{"href":"https:\/\/congresosemnim.com\/2024\/wp-json\/wp\/v2\/pages\/199","targetHints":{"allow":["GET"]}}],"collection":[{"href":"https:\/\/congresosemnim.com\/2024\/wp-json\/wp\/v2\/pages"}],"about":[{"href":"https:\/\/congresosemnim.com\/2024\/wp-json\/wp\/v2\/types\/page"}],"author":[{"embeddable":true,"href":"https:\/\/congresosemnim.com\/2024\/wp-json\/wp\/v2\/users\/1"}],"replies":[{"embeddable":true,"href":"https:\/\/congresosemnim.com\/2024\/wp-json\/wp\/v2\/comments?post=199"}],"version-history":[{"count":6,"href":"https:\/\/congresosemnim.com\/2024\/wp-json\/wp\/v2\/pages\/199\/revisions"}],"predecessor-version":[{"id":208,"href":"https:\/\/congresosemnim.com\/2024\/wp-json\/wp\/v2\/pages\/199\/revisions\/208"}],"wp:featuredmedia":[{"embeddable":true,"href":"https:\/\/congresosemnim.com\/2024\/wp-json\/wp\/v2\/media\/141"}],"wp:attachment":[{"href":"https:\/\/congresosemnim.com\/2024\/wp-json\/wp\/v2\/media?parent=199"}],"curies":[{"name":"wp","href":"https:\/\/api.w.org\/{rel}","templated":true}]}}