{"id":874,"date":"2023-01-30T14:28:36","date_gmt":"2023-01-30T14:28:36","guid":{"rendered":"https:\/\/congresosemnim.com\/2023\/?page_id=874"},"modified":"2023-01-30T14:42:42","modified_gmt":"2023-01-30T14:42:42","slug":"semnim","status":"publish","type":"page","link":"https:\/\/congresosemnim.com\/2023\/semnim\/","title":{"rendered":"SEMNIM"},"content":{"rendered":"\n<p>La SEMNIM es una organizaci\u00f3n m\u00e9dico-cient\u00edfica y profesional sin \u00e1nimo de lucro creada para mejorar la salud de las personas, mediante la utilizaci\u00f3n de los procedimientos diagn\u00f3sticos de medicina nuclear, imagen molecular y terapia con is\u00f3topos radiactivos, impulsando la docencia, el desarrollo, la formaci\u00f3n, investigaci\u00f3n y gesti\u00f3n en Medicina Nuclear.<\/p>\n\n\n\n<p>Su objetivo es ser la sociedad cient\u00edfica y profesional de referencia a nivel nacional e internacional, fuente de opini\u00f3n y conocimiento riguroso sobre Medicina Nuclear para los pacientes, las instituciones sanitarias y acad\u00e9micas y la sociedad. Aportar valor atendiendo las necesidades formativas y cient\u00edficas de los socios, velando por una atenci\u00f3n segura y de calidad a los pacientes. Para ello la SEMNIM colabora con los organismos oficiales, otras sociedades m\u00e9dicas y organizaciones relacionadas con la salud.<\/p>\n\n\n\n<div style=\"height:50px\" aria-hidden=\"true\" class=\"wp-block-spacer\"><\/div>\n\n\n\n<div class=\"wp-block-stackable-columns stk-block-columns stk-block stk-bfd08ee stk-entrance stk-block-background\" data-block-id=\"bfd08ee\"><style>.stk-bfd08ee .stk--block-align-bfd08ee{align-items:center !important}.stk-bfd08ee{background-color:#f7f7f7 !important}.stk-bfd08ee:before{background-color:#f7f7f7 !important}.stk-bfd08ee{border-radius:5px !important;overflow:hidden !important;border-style:solid !important;border-color:transparent !important}.stk-bfd08ee{--entrance-transform:translateY(20px) !important;--entrance-delay:0s !important}.stk-bfd08ee-column{--stk-column-gap:0px !important}<\/style><div class=\"stk-row stk-inner-blocks stk--block-align-bfd08ee stk-block-content stk-content-align stk-bfd08ee-column\">\n<div class=\"wp-block-stackable-column stk-block-column stk-block-column--v2 stk-column stk-block stk-8b3179b\" data-block-id=\"8b3179b\"><style>.stk-8b3179b{align-self:center !important}@media screen and (min-width:768px){.stk-8b3179b{flex:1 1 calc(54.4% - var(--stk-column-gap,0px) * 1 \/ 2 ) !important}}.stk-8b3179b-container{margin-top:0px !important;margin-right:0px !important;margin-bottom:0px !important;margin-left:0px !important}@media screen and (max-width:767px){.stk-8b3179b-container{margin-bottom:20px !important}}<\/style><div class=\"stk-column-wrapper stk-block-column__content stk-container stk-8b3179b-container stk--no-background stk--no-padding\"><div class=\"stk-block-content stk-inner-blocks stk-8b3179b-inner-blocks\">\n<p class=\"has-medium-font-size\"><span style=\"color: var(--paletteColor3, #006395);\" class=\"stk-highlight\">\u00bfQuieres hacerte socio-a de la SEMNIM?<\/span><\/p>\n<\/div><\/div><\/div>\n\n\n\n<div class=\"wp-block-stackable-column stk-block-column stk-block-column--v2 stk-column stk-block stk-1d6e015\" data-block-id=\"1d6e015\"><style>.stk-1d6e015{padding-top:0px !important;padding-right:0px !important;padding-bottom:0px !important;padding-left:0px !important;margin-top:0px !important;margin-bottom:0px !important}@media screen and (min-width:768px){.stk-1d6e015{flex:1 1 calc(45.6% - var(--stk-column-gap,0px) * 1 \/ 2 ) !important}}.stk-1d6e015-container{padding-top:0px !important;padding-right:0px !important;padding-bottom:0px !important;padding-left:0px !important}.stk-1d6e015-container{margin-top:0px !important;margin-right:0px !important;margin-bottom:0px !important;margin-left:0px !important}<\/style><div class=\"stk-column-wrapper stk-block-column__content stk-container stk-1d6e015-container stk--no-background stk--no-padding\"><div class=\"stk-block-content stk-inner-blocks stk-1d6e015-inner-blocks\">\n<div class=\"wp-block-stackable-button-group stk-block-button-group stk-block stk-4d1617b\" data-block-id=\"4d1617b\"><div class=\"stk-row stk-inner-blocks has-text-align-right stk-block-content stk-button-group\">\n<div class=\"wp-block-stackable-button stk-block-button stk-block stk-4dc10fa\" data-block-id=\"4dc10fa\"><style>.stk-4dc10fa .stk-button{padding-top:8px !important;padding-bottom:8px !important;background:var(--paletteColor3,#006395) !important}.stk-4dc10fa .stk-button:hover:after{background:var(--paletteColor4,#419ECB) !important;opacity:1 !important}.stk-4dc10fa .stk-button{border-radius:5px !important}.stk-4dc10fa .stk-button__inner-text{color:var(--paletteColor2,#ffffff) !important}.stk-4dc10fa .stk-button:hover .stk-button__inner-text{color:var(--paletteColor2,#ffffff) !important}<\/style><a class=\"stk-link stk-button stk--hover-effect-darken\" href=\"https:\/\/semnim.es\/producto\/cuota-de-socio-2023-copia\/\" target=\"_blank\" rel=\"noreferrer noopener\"><span class=\"has-text-color has-palette-color-2-color stk-button__inner-text\">Consulta las cuotas y beneficios aqu\u00ed<\/span><\/a><\/div>\n<\/div><\/div>\n<\/div><\/div><\/div>\n<\/div><\/div>\n\n\n\n<div class=\"wp-block-stackable-columns stk-block-columns stk-block stk-2e0e776 stk-entrance stk-block-background\" data-block-id=\"2e0e776\"><style>.stk-2e0e776 .stk--block-align-2e0e776{align-items:center !important}.stk-2e0e776{background-color:#f7f7f7 !important}.stk-2e0e776:before{background-color:#f7f7f7 !important}.stk-2e0e776{border-radius:5px !important;overflow:hidden !important;border-style:solid !important;border-color:transparent !important}.stk-2e0e776{margin-bottom:100px !important}.stk-2e0e776{--entrance-transform:translateY(20px) !important;--entrance-delay:0s !important}.stk-2e0e776-column{--stk-column-gap:0px !important}<\/style><div class=\"stk-row stk-inner-blocks stk--block-align-2e0e776 stk-block-content stk-content-align stk-2e0e776-column\">\n<div class=\"wp-block-stackable-column stk-block-column stk-block-column--v2 stk-column stk-block stk-84bf2a4\" data-block-id=\"84bf2a4\"><style>.stk-84bf2a4{align-self:center !important}@media screen and (min-width:768px){.stk-84bf2a4{flex:1 1 calc(54.4% - var(--stk-column-gap,0px) * 1 \/ 2 ) !important}}.stk-84bf2a4-container{margin-top:0px !important;margin-right:0px !important;margin-bottom:0px !important;margin-left:0px !important}@media screen and (max-width:767px){.stk-84bf2a4-container{margin-bottom:20px !important}}<\/style><div class=\"stk-column-wrapper stk-block-column__content stk-container stk-84bf2a4-container stk--no-background stk--no-padding\"><div class=\"stk-block-content stk-inner-blocks stk-84bf2a4-inner-blocks\">\n<p class=\"has-medium-font-size\"><span style=\"color: var(--paletteColor3, #006395);\" class=\"stk-highlight\">Web de la SEMNIM<\/span><\/p>\n<\/div><\/div><\/div>\n\n\n\n<div class=\"wp-block-stackable-column stk-block-column stk-block-column--v2 stk-column stk-block stk-66847c1\" data-block-id=\"66847c1\"><style>.stk-66847c1{padding-top:0px !important;padding-right:0px !important;padding-bottom:0px !important;padding-left:0px !important;margin-top:0px !important;margin-bottom:0px !important}@media screen and (min-width:768px){.stk-66847c1{flex:1 1 calc(45.6% - var(--stk-column-gap,0px) * 1 \/ 2 ) !important}}.stk-66847c1-container{padding-top:0px !important;padding-right:0px !important;padding-bottom:0px !important;padding-left:0px !important}.stk-66847c1-container{margin-top:0px !important;margin-right:0px !important;margin-bottom:0px !important;margin-left:0px !important}<\/style><div class=\"stk-column-wrapper stk-block-column__content stk-container stk-66847c1-container stk--no-background stk--no-padding\"><div class=\"stk-block-content stk-inner-blocks stk-66847c1-inner-blocks\">\n<div class=\"wp-block-stackable-button-group stk-block-button-group stk-block stk-82f365d\" data-block-id=\"82f365d\"><div class=\"stk-row stk-inner-blocks has-text-align-right stk-block-content stk-button-group\">\n<div class=\"wp-block-stackable-button stk-block-button stk-block stk-de5160c\" data-block-id=\"de5160c\"><style>.stk-de5160c .stk-button{padding-top:8px !important;padding-bottom:8px !important;background:var(--paletteColor3,#006395) !important}.stk-de5160c .stk-button:hover:after{background:var(--paletteColor4,#419ECB) !important;opacity:1 !important}.stk-de5160c .stk-button{border-radius:5px !important}.stk-de5160c .stk-button__inner-text{color:var(--paletteColor2,#ffffff) !important}.stk-de5160c .stk-button:hover .stk-button__inner-text{color:var(--paletteColor2,#ffffff) !important}<\/style><a class=\"stk-link stk-button stk--hover-effect-darken\" href=\"https:\/\/semnim.es\/\" target=\"_blank\" rel=\"noreferrer noopener\"><span class=\"has-text-color has-palette-color-2-color stk-button__inner-text\">Acceder<\/span><\/a><\/div>\n<\/div><\/div>\n<\/div><\/div><\/div>\n<\/div><\/div>\n\n\n\n<div class=\"wp-block-stackable-button-group stk-block-button-group stk-block stk-4496ce4 oculto\" data-block-id=\"4496ce4\"><style>.stk-4496ce4{margin-bottom:50px !important}<\/style><div class=\"stk-row stk-inner-blocks has-text-align-center stk-block-content stk-button-group\">\n<div class=\"wp-block-stackable-button stk-block-button has-text-align-center stk-block stk-6c78149\" data-block-id=\"6c78149\"><style>.stk-6c78149 .stk-button{background:var(--paletteColor3,#006395) !important}.stk-6c78149 .stk-button:hover:after{background:var(--paletteColor6,#FFCB00) !important;opacity:1 !important}<\/style><a class=\"stk-link stk-button stk--hover-effect-darken\" href=\"https:\/\/semnim.es\/\" target=\"_blank\" rel=\"noreferrer noopener\"><span class=\"stk-button__inner-text\">Web de la SEMNIM<\/span><\/a><\/div>\n<\/div><\/div>\n","protected":false},"excerpt":{"rendered":"<p>La SEMNIM es una organizaci\u00f3n m\u00e9dico-cient\u00edfica y profesional sin \u00e1nimo de lucro creada para mejorar la salud de las personas, mediante la utilizaci\u00f3n de los procedimientos diagn\u00f3sticos de medicina nuclear, imagen molecular y terapia con is\u00f3topos radiactivos, impulsando la docencia, el desarrollo, la formaci\u00f3n, investigaci\u00f3n y gesti\u00f3n en Medicina Nuclear. Su objetivo es ser la [&hellip;]<\/p>\n","protected":false},"author":3,"featured_media":0,"parent":0,"menu_order":0,"comment_status":"closed","ping_status":"closed","template":"","meta":{"footnotes":""},"class_list":["post-874","page","type-page","status-publish","hentry"],"blocksy_meta":{"page_title_panel":"","has_hero_section":"default","becb3397201c891d2684fc0697f272cb":"","hero_section":"type-1","hero_elements":[{"id":"custom_title","enabled":true,"heading_tag":"h1","title":"Inicio"},{"id":"custom_description","enabled":true,"description_visibility":{"desktop":true,"tablet":true,"mobile":false}},{"id":"custom_meta","enabled":false,"meta_elements":[{"id":"author","enabled":true,"label":"Por","has_author_avatar":"yes","avatar_size":25},{"id":"post_date","enabled":true,"label":"El","date_format_source":"default","date_format":"M j, Y"},{"id":"updated_date","enabled":false,"label":"El","date_format_source":"default","date_format":"M j, Y"},{"id":"categories","enabled":false,"label":"Dentro","style":"simple"},{"id":"comments","enabled":true}],"page_meta_elements":{"joined":true,"articles_count":true,"comments":true}},{"id":"breadcrumbs","enabled":false}],"28d74e95768ed8b7adeeb9e82a165983":"","hero_alignment1":"CT_CSS_SKIP_RULE","hero_margin":40,"hero_alignment2":"center","hero_vertical_alignment":"center","66f8b24fcbac15ffb1f1a94aea2fb3de":"","hero_structure":"narrow","525707077b752a37a20db33dfc13d542":"","page_title_bg_type":"featured_image","custom_hero_background":{"attachment_id":null},"page_title_image_size":"full","parallax":{"desktop":false,"tablet":false,"mobile":false},"b2b4c091fc30c9a95144cfc17bb699db":"","hero_height":"250px","pageTitleFont":{"family":"Default","variation":"Default","size":"30px","line-height":"CT_CSS_SKIP_RULE","letter-spacing":"CT_CSS_SKIP_RULE","text-transform":"CT_CSS_SKIP_RULE","text-decoration":"CT_CSS_SKIP_RULE"},"pageTitleFontColor":{"default":{"color":"CT_CSS_SKIP_RULEDEFAULT"}},"pageMetaFont":{"family":"Default","variation":"n6","size":"12px","line-height":"1.3","letter-spacing":"CT_CSS_SKIP_RULE","text-transform":"uppercase","text-decoration":"CT_CSS_SKIP_RULE"},"pageMetaFontColor":{"default":{"color":"CT_CSS_SKIP_RULEDEFAULT"},"hover":{"color":"CT_CSS_SKIP_RULEDEFAULT"}},"page_meta_button_type_font_colors":{"default":{"color":"CT_CSS_SKIP_RULEDEFAULT"},"hover":{"color":"CT_CSS_SKIP_RULEDEFAULT"}},"page_meta_button_type_background_colors":{"default":{"color":"CT_CSS_SKIP_RULEDEFAULT"},"hover":{"color":"CT_CSS_SKIP_RULEDEFAULT"}},"pageExcerptFont":{"family":"Default","variation":"Default","size":"CT_CSS_SKIP_RULE","line-height":"CT_CSS_SKIP_RULE","letter-spacing":"CT_CSS_SKIP_RULE","text-transform":"CT_CSS_SKIP_RULE","text-decoration":"CT_CSS_SKIP_RULE"},"pageExcerptColor":{"default":{"color":"CT_CSS_SKIP_RULEDEFAULT"}},"breadcrumbsFont":{"family":"Default","variation":"Default","size":"CT_CSS_SKIP_RULE","line-height":"CT_CSS_SKIP_RULE","letter-spacing":"CT_CSS_SKIP_RULE","text-transform":"CT_CSS_SKIP_RULE","text-decoration":"CT_CSS_SKIP_RULE"},"breadcrumbsFontColor":{"default":{"color":"CT_CSS_SKIP_RULEDEFAULT"},"initial":{"color":"CT_CSS_SKIP_RULEDEFAULT"},"hover":{"color":"CT_CSS_SKIP_RULEDEFAULT"}},"pageTitleOverlay":{"background_type":"color","background_pattern":"type-1","background_image":{"attachment_id":null,"x":0,"y":0},"gradient":"linear-gradient(135deg,rgba(6,147,227,1) 0%,rgb(155,81,224) 100%)","background_repeat":"repeat","background_size":"auto","background_attachment":"scroll","patternColor":{"default":{"color":"#e5e7ea"}},"overlayColor":{"default":{"color":"CT_CSS_SKIP_RULE"}},"backgroundColor":{"default":{"color":"CT_CSS_SKIP_RULE"}}},"pageTitleBackground":{"background_type":"color","background_pattern":"type-1","background_image":{"attachment_id":null,"x":0,"y":0},"gradient":"linear-gradient(135deg,rgba(6,147,227,1) 0%,rgb(155,81,224) 100%)","background_repeat":"repeat","background_size":"auto","background_attachment":"scroll","patternColor":{"default":{"color":"#e5e7ea"}},"overlayColor":{"default":{"color":"CT_CSS_SKIP_RULE"}},"backgroundColor":{"default":{"color":"var(--paletteColor6)"}}},"pageTitlePadding":{"top":"50px","bottom":"50px","left":"auto","right":"auto","linked":true},"f08e04cc1b4af9d86269be7176729e39":"","page_structure_type":"type-3","44df7c79f9d171f2e73419a16f421fb1":"","content_style_source":"inherit","content_style":"wide","vertical_spacing_source":"inherit","content_area_spacing":"both","background":{"background_type":"color","background_pattern":"type-1","background_image":{"attachment_id":null,"x":0,"y":0},"gradient":"linear-gradient(135deg,rgba(6,147,227,1) 0%,rgb(155,81,224) 100%)","background_repeat":"repeat","background_size":"auto","background_attachment":"scroll","patternColor":{"default":{"color":"#e5e7ea"}},"overlayColor":{"default":{"color":"CT_CSS_SKIP_RULE"}},"backgroundColor":{"default":{"color":"CT_CSS_SKIP_RULE"}}},"content_background":{"background_type":"color","background_pattern":"type-1","background_image":{"attachment_id":null,"x":0,"y":0},"gradient":"linear-gradient(135deg,rgba(6,147,227,1) 0%,rgb(155,81,224) 100%)","background_repeat":"repeat","background_size":"auto","background_attachment":"scroll","patternColor":{"default":{"color":"#e5e7ea"}},"overlayColor":{"default":{"color":"CT_CSS_SKIP_RULE"}},"backgroundColor":{"default":{"color":"var(--paletteColor8)"}}},"content_boxed_shadow":{"inherit":false,"blur":18,"spread":-6,"v_offset":12,"h_offset":0,"inset":false,"enable":true,"color":{"color":"rgba(34, 56, 101, 0.04)"}},"content_boxed_border":{"width":1,"style":"none","color":{"color":"rgba(44,62,80,0.2)"}},"content_boxed_radius":{"top":"3px","bottom":"3px","left":"3px","right":"3px","linked":true},"boxed_content_spacing":{"desktop":{"top":"40px","bottom":"40px","left":"40px","right":"40px","linked":true},"tablet":{"top":"35px","bottom":"35px","left":"35px","right":"35px","linked":true},"mobile":{"top":"20px","bottom":"20px","left":"20px","right":"20px","linked":true}},"2a533e5ca9f3f20951d7ae607bec685b":"","disable_featured_image":"no","disable_share_box":"no","disable_header":"no","disable_footer":"no","styles_descriptor":{"styles":{"desktop":"","tablet":"","mobile":""},"google_fonts":[],"version":5}},"featured_image_urls":{"full":"","thumbnail":"","medium":"","medium_large":"","large":"","1536x1536":"","2048x2048":""},"post_excerpt_stackable":"<p>La SEMNIM es una organizaci\u00f3n m\u00e9dico-cient\u00edfica y profesional sin \u00e1nimo de lucro creada para mejorar la salud de las personas, mediante la utilizaci\u00f3n de los procedimientos diagn\u00f3sticos de medicina nuclear, imagen molecular y terapia con is\u00f3topos radiactivos, impulsando la docencia, el desarrollo, la formaci\u00f3n, investigaci\u00f3n y gesti\u00f3n en Medicina Nuclear. Su objetivo es ser la sociedad cient\u00edfica y profesional de referencia a nivel nacional e internacional, fuente de opini\u00f3n y conocimiento riguroso sobre Medicina Nuclear para los pacientes, las instituciones sanitarias y acad\u00e9micas y la sociedad. Aportar valor atendiendo las necesidades formativas y cient\u00edficas de los socios, velando por una&hellip;<\/p>\n","category_list":"","author_info":{"name":"victorcuenca","url":"https:\/\/congresosemnim.com\/2023\/author\/victorcuenca\/"},"comments_num":"0 comentarios","_links":{"self":[{"href":"https:\/\/congresosemnim.com\/2023\/wp-json\/wp\/v2\/pages\/874","targetHints":{"allow":["GET"]}}],"collection":[{"href":"https:\/\/congresosemnim.com\/2023\/wp-json\/wp\/v2\/pages"}],"about":[{"href":"https:\/\/congresosemnim.com\/2023\/wp-json\/wp\/v2\/types\/page"}],"author":[{"embeddable":true,"href":"https:\/\/congresosemnim.com\/2023\/wp-json\/wp\/v2\/users\/3"}],"replies":[{"embeddable":true,"href":"https:\/\/congresosemnim.com\/2023\/wp-json\/wp\/v2\/comments?post=874"}],"version-history":[{"count":7,"href":"https:\/\/congresosemnim.com\/2023\/wp-json\/wp\/v2\/pages\/874\/revisions"}],"predecessor-version":[{"id":883,"href":"https:\/\/congresosemnim.com\/2023\/wp-json\/wp\/v2\/pages\/874\/revisions\/883"}],"wp:attachment":[{"href":"https:\/\/congresosemnim.com\/2023\/wp-json\/wp\/v2\/media?parent=874"}],"curies":[{"name":"wp","href":"https:\/\/api.w.org\/{rel}","templated":true}]}}