{"id":654,"date":"2023-01-13T00:25:14","date_gmt":"2023-01-13T00:25:14","guid":{"rendered":"https:\/\/congresosemnim.com\/2023\/?page_id=654"},"modified":"2023-01-13T16:40:28","modified_gmt":"2023-01-13T16:40:28","slug":"quiero-ser-patrocinador","status":"publish","type":"page","link":"https:\/\/congresosemnim.com\/2023\/quiero-ser-patrocinador\/","title":{"rendered":"\u00a0Quiero ser patrocinador"},"content":{"rendered":"\n<p>Si desea informaci\u00f3n sobre las distintas opciones de patrocinio y espacios disponibles en la zona de exposici\u00f3n comercial para SEMNIM 2023, por favor cumplimente el siguiente formulario y recibir\u00e1 por e-mail el dossier comercial de la reuni\u00f3n.<\/p>\n\n\n\n<p>Los paquetes de patrocinio y los lugares en la exposici\u00f3n comercial son limitados y se asignar\u00e1n por orden de confirmaci\u00f3n. Si prefiere que construyamos un paquete personalizado de patrocinio a su medida, contacte con nosotros en&nbsp;<a href=\"mailto:semnim2023@bcocongresos.com\" target=\"_blank\" rel=\"noreferrer noopener\">semnim2023@bcocongresos.com<\/a><\/p>\n\n\n\n<div style=\"height:24px\" aria-hidden=\"true\" class=\"wp-block-spacer\"><\/div>\n\n\n\n<div class=\"wp-block-stackable-columns stk-block-columns stk-block stk-fd7d090 stk-entrance stk-block-background\" data-block-id=\"fd7d090\"><style>.stk-fd7d090 .stk--block-align-fd7d090{align-items:center !important}.stk-fd7d090{background-color:#f7f7f7 !important}.stk-fd7d090:before{background-color:#f7f7f7 !important}.stk-fd7d090{border-radius:5px !important;overflow:hidden !important;border-style:solid !important;border-color:transparent !important}.stk-fd7d090{margin-bottom:70px !important}.stk-fd7d090{--entrance-transform:translateY(20px) !important;--entrance-delay:1s !important}.stk-fd7d090-column{--stk-column-gap:0px !important}<\/style><div class=\"stk-row stk-inner-blocks stk--block-align-fd7d090 stk-block-content stk-content-align stk-fd7d090-column\">\n<div class=\"wp-block-stackable-column stk-block-column stk-block-column--v2 stk-column stk-block stk-beb2f88\" data-block-id=\"beb2f88\"><style>.stk-beb2f88{align-self:center !important}@media screen and (min-width:768px){.stk-beb2f88{flex:1 1 calc(50% - var(--stk-column-gap,0px) * 1 \/ 2 ) !important}}.stk-beb2f88-container{margin-top:0px !important;margin-right:0px !important;margin-bottom:0px !important;margin-left:0px !important}@media screen and (max-width:767px){.stk-beb2f88-container{margin-bottom:20px !important}}<\/style><div class=\"stk-column-wrapper stk-block-column__content stk-container stk-beb2f88-container stk--no-background stk--no-padding\"><div class=\"stk-block-content stk-inner-blocks stk-beb2f88-inner-blocks\">\n<p class=\"has-medium-font-size\"><span style=\"color: var(--paletteColor3, #006395);\" class=\"stk-highlight\">Solicitar dossier comercial<\/span><\/p>\n<\/div><\/div><\/div>\n\n\n\n<div class=\"wp-block-stackable-column stk-block-column stk-block-column--v2 stk-column stk-block stk-7658bf9\" data-block-id=\"7658bf9\"><style>.stk-7658bf9{padding-top:0px !important;padding-right:0px !important;padding-bottom:0px !important;padding-left:0px !important;margin-top:0px !important;margin-bottom:0px !important}@media screen and (min-width:768px){.stk-7658bf9{flex:1 1 calc(50% - var(--stk-column-gap,0px) * 1 \/ 2 ) !important}}.stk-7658bf9-container{padding-top:0px !important;padding-right:0px !important;padding-bottom:0px !important;padding-left:0px !important}.stk-7658bf9-container{margin-top:0px !important;margin-right:0px !important;margin-bottom:0px !important;margin-left:0px !important}<\/style><div class=\"stk-column-wrapper stk-block-column__content stk-container stk-7658bf9-container stk--no-background stk--no-padding\"><div class=\"stk-block-content stk-inner-blocks stk-7658bf9-inner-blocks\">\n<div class=\"wp-block-stackable-button-group stk-block-button-group stk-block stk-cac2093\" data-block-id=\"cac2093\"><div class=\"stk-row stk-inner-blocks has-text-align-right stk-block-content stk-button-group\">\n<div class=\"wp-block-stackable-button stk-block-button stk-block stk-9b27547\" data-block-id=\"9b27547\"><style>.stk-9b27547 .stk-button{padding-top:8px !important;padding-bottom:8px !important;background:var(--paletteColor3,#006395) !important}.stk-9b27547 .stk-button:hover:after{background:var(--paletteColor4,#419ECB) !important;opacity:1 !important}.stk-9b27547 .stk-button{border-radius:5px !important}.stk-9b27547 .stk-button__inner-text{color:var(--paletteColor2,#ffffff) !important}.stk-9b27547 .stk-button:hover .stk-button__inner-text{color:var(--paletteColor2,#ffffff) !important}<\/style><a class=\"stk-link stk-button stk--hover-effect-darken\" href=\"https:\/\/barcelo.eventsair.com\/industry\/industryformsemnim2023\" target=\"_blank\" rel=\"noreferrer noopener\"><span class=\"has-text-color has-palette-color-2-color stk-button__inner-text\">Quiero ser patrocinador<\/span><\/a><\/div>\n<\/div><\/div>\n<\/div><\/div><\/div>\n<\/div><\/div>\n\n\n\n<div class=\"wp-block-stackable-heading stk-block-heading stk-block stk-eb84843\" id=\"por-que-ser-expositor\" data-block-id=\"eb84843\"><style>.stk-eb84843{margin-bottom:50px !important}<\/style><h2 class=\"stk-block-heading__text\">\u00bfPor qu\u00e9 ser expositor?<\/h2><\/div>\n\n\n\n<div class=\"wp-block-stackable-columns stk-block-columns stk-block stk-8a6cd8a\" data-block-id=\"8a6cd8a\"><style>.stk-8a6cd8a{margin-bottom:10px !important}<\/style><div class=\"stk-row stk-inner-blocks stk-block-content stk-content-align stk-8a6cd8a-column\">\n<div class=\"wp-block-stackable-column stk-block-column stk-block-column--v2 stk-column stk-block stk-c3b2909\" data-block-id=\"c3b2909\"><style>.stk-c3b2909{border-radius:5px !important;overflow:hidden !important;border-style:solid !important;border-color:var(--paletteColor3,#006395) !important;border-top-width:1px !important;border-right-width:1px !important;border-bottom-width:1px !important;border-left-width:1px !important}.stk-c3b2909{padding-top:15px !important;padding-right:15px !important;padding-bottom:15px !important;padding-left:15px !important;margin-right:10px !important}<\/style><div class=\"stk-column-wrapper stk-block-column__content stk-container stk-c3b2909-container stk--no-background stk--no-padding\"><div class=\"stk-block-content stk-inner-blocks stk-c3b2909-inner-blocks\">\n<div class=\"wp-block-stackable-image stk-block-image has-text-align-center stk-block stk-dbb2cdd\" data-block-id=\"dbb2cdd\"><style>.stk-dbb2cdd{margin-bottom:20px !important}.stk-dbb2cdd .stk-img-wrapper{width:100px !important}<\/style><figure class=\"stk-img-wrapper stk-image--shape-stretch\"><img loading=\"lazy\" decoding=\"async\" class=\"stk-img wp-image-660\" src=\"https:\/\/congresosemnim.com\/2023\/wp-content\/uploads\/2023\/01\/ico-07.svg\" width=\"100\" height=\"300\"\/><\/figure><\/div>\n\n\n\n<p class=\"has-text-align-center\">Estar presente en SEMNIM 2023 supone una oportunidad para que su organizaci\u00f3n aproveche 3 d\u00edas de acceso a una amplia cartera de clientes a los que poder informar sobre sus productos y servicios y poder crear relaciones a largo plazo.<\/p>\n<\/div><\/div><\/div>\n\n\n\n<div class=\"wp-block-stackable-column stk-block-column stk-block-column--v2 stk-column stk-block stk-817aab5\" data-block-id=\"817aab5\"><style>.stk-817aab5{border-radius:5px !important;overflow:hidden !important;border-style:solid !important;border-color:var(--paletteColor3,#006395) !important;border-top-width:1px !important;border-right-width:1px !important;border-bottom-width:1px !important;border-left-width:1px !important}.stk-817aab5{padding-top:15px !important;padding-right:15px !important;padding-bottom:15px !important;padding-left:15px !important}<\/style><div class=\"stk-column-wrapper stk-block-column__content stk-container stk-817aab5-container stk--no-background stk--no-padding\"><div class=\"stk-block-content stk-inner-blocks stk-817aab5-inner-blocks\">\n<div class=\"wp-block-stackable-image stk-block-image has-text-align-center stk-block stk-dc6cca3\" data-block-id=\"dc6cca3\"><style>.stk-dc6cca3{margin-bottom:20px !important}.stk-dc6cca3 .stk-img-wrapper{width:100px !important}<\/style><figure class=\"stk-img-wrapper stk-image--shape-stretch\"><img loading=\"lazy\" decoding=\"async\" class=\"stk-img wp-image-661\" src=\"https:\/\/congresosemnim.com\/2023\/wp-content\/uploads\/2023\/01\/ico-01.svg\" width=\"100\" height=\"300\"\/><\/figure><\/div>\n\n\n\n<p class=\"has-text-align-center\">Est\u00e1 demostrado que ser Expositor es una t\u00e1ctica muy \u00fatil para dar presencia a su marca: combina el alcance de la publicidad escrita con el poder de la persuasi\u00f3n con los contactos cara a cara.<\/p>\n<\/div><\/div><\/div>\n<\/div><\/div>\n\n\n\n<div class=\"wp-block-stackable-columns stk-block-columns stk-block stk-aff2281\" data-block-id=\"aff2281\"><div class=\"stk-row stk-inner-blocks stk-block-content stk-content-align stk-aff2281-column\">\n<div class=\"wp-block-stackable-column stk-block-column stk-block-column--v2 stk-column stk-block stk-3adf410\" data-block-id=\"3adf410\"><style>.stk-3adf410{border-radius:5px !important;overflow:hidden !important;border-style:solid !important;border-color:var(--paletteColor3,#006395) !important;border-top-width:1px !important;border-right-width:1px !important;border-bottom-width:1px !important;border-left-width:1px !important}.stk-3adf410{padding-top:15px !important;padding-right:15px !important;padding-bottom:15px !important;padding-left:15px !important;margin-right:10px !important}<\/style><div class=\"stk-column-wrapper stk-block-column__content stk-container stk-3adf410-container stk--no-background stk--no-padding\"><div class=\"stk-block-content stk-inner-blocks stk-3adf410-inner-blocks\">\n<div class=\"wp-block-stackable-image stk-block-image has-text-align-center stk-block stk-d88ecfd\" data-block-id=\"d88ecfd\"><style>.stk-d88ecfd{margin-bottom:20px !important}.stk-d88ecfd .stk-img-wrapper{width:100px !important}<\/style><figure class=\"stk-img-wrapper stk-image--shape-stretch\"><img loading=\"lazy\" decoding=\"async\" class=\"stk-img wp-image-656\" src=\"https:\/\/congresosemnim.com\/2023\/wp-content\/uploads\/2023\/01\/ico-05.svg\" width=\"100\" height=\"300\"\/><\/figure><\/div>\n\n\n\n<p class=\"has-text-align-center\">Su empresa se beneficiar\u00e1 al estar expuesta a una audiencia interesada, relevante e influyente dentro de un entorno informal a la vez que informativo.<\/p>\n<\/div><\/div><\/div>\n\n\n\n<div class=\"wp-block-stackable-column stk-block-column stk-block-column--v2 stk-column stk-block stk-8527616\" data-block-id=\"8527616\"><style>.stk-8527616{border-radius:5px !important;overflow:hidden !important;border-style:solid !important;border-color:var(--paletteColor3,#006395) !important;border-top-width:1px !important;border-right-width:1px !important;border-bottom-width:1px !important;border-left-width:1px !important}.stk-8527616{padding-top:15px !important;padding-right:15px !important;padding-bottom:15px !important;padding-left:15px !important}<\/style><div class=\"stk-column-wrapper stk-block-column__content stk-container stk-8527616-container stk--no-background stk--no-padding\"><div class=\"stk-block-content stk-inner-blocks stk-8527616-inner-blocks\">\n<div class=\"wp-block-stackable-image stk-block-image has-text-align-center stk-block stk-ea46a52\" data-block-id=\"ea46a52\"><style>.stk-ea46a52{margin-bottom:20px !important}.stk-ea46a52 .stk-img-wrapper{width:100px !important}<\/style><figure class=\"stk-img-wrapper stk-image--shape-stretch\"><img loading=\"lazy\" decoding=\"async\" class=\"stk-img wp-image-658\" src=\"https:\/\/congresosemnim.com\/2023\/wp-content\/uploads\/2023\/01\/ico-06.svg\" width=\"100\" height=\"300\"\/><\/figure><\/div>\n\n\n\n<p class=\"has-text-align-center\">Los participantes de los congresos buscan ampliar sus conocimientos cient\u00edficos. El hecho de que su empresa est\u00e9 alineada con este tipo de actividades demuestra un compromiso por su parte para con los congresistas.<\/p>\n<\/div><\/div><\/div>\n<\/div><\/div>\n","protected":false},"excerpt":{"rendered":"<p>Si desea informaci\u00f3n sobre las distintas opciones de patrocinio y espacios disponibles en la zona de exposici\u00f3n comercial para SEMNIM 2023, por favor cumplimente el siguiente formulario y recibir\u00e1 por e-mail el dossier comercial de la reuni\u00f3n. Los paquetes de patrocinio y los lugares en la exposici\u00f3n comercial son limitados y se asignar\u00e1n por orden [&hellip;]<\/p>\n","protected":false},"author":3,"featured_media":0,"parent":0,"menu_order":0,"comment_status":"closed","ping_status":"closed","template":"","meta":{"footnotes":""},"class_list":["post-654","page","type-page","status-publish","hentry"],"blocksy_meta":{"styles_descriptor":{"styles":{"desktop":"","tablet":"","mobile":""},"google_fonts":[],"version":5},"page_title_panel":"","has_hero_section":"default","6f93963d668d181a6d512e81195fee4c":"","hero_section":"type-1","hero_elements":[{"id":"custom_title","enabled":true,"heading_tag":"h1","title":"Inicio"},{"id":"custom_description","enabled":true,"description_visibility":{"desktop":true,"tablet":true,"mobile":false}},{"id":"custom_meta","enabled":false,"meta_elements":[{"id":"author","enabled":true,"label":"Por","has_author_avatar":"yes","avatar_size":25},{"id":"post_date","enabled":true,"label":"El","date_format_source":"default","date_format":"M j, Y"},{"id":"updated_date","enabled":false,"label":"El","date_format_source":"default","date_format":"M j, Y"},{"id":"categories","enabled":false,"label":"Dentro","style":"simple"},{"id":"comments","enabled":true}],"page_meta_elements":{"joined":true,"articles_count":true,"comments":true}},{"id":"breadcrumbs","enabled":false}],"262657cf0b965d695fb1182f3ca7307c":"","hero_alignment1":"CT_CSS_SKIP_RULE","hero_margin":40,"hero_alignment2":"center","hero_vertical_alignment":"center","3809416784fa72fc1749ce2348d32dab":"","hero_structure":"narrow","e411e0f1fa95b0b54474000ed1034e83":"","page_title_bg_type":"featured_image","custom_hero_background":{"attachment_id":null},"page_title_image_size":"full","parallax":{"desktop":false,"tablet":false,"mobile":false},"c7e5d3585f430f693075c58bdbdc09a6":"","hero_height":"250px","pageTitleFont":{"family":"Default","variation":"Default","size":"30px","line-height":"CT_CSS_SKIP_RULE","letter-spacing":"CT_CSS_SKIP_RULE","text-transform":"CT_CSS_SKIP_RULE","text-decoration":"CT_CSS_SKIP_RULE"},"pageTitleFontColor":{"default":{"color":"CT_CSS_SKIP_RULEDEFAULT"}},"pageMetaFont":{"family":"Default","variation":"n6","size":"12px","line-height":"1.3","letter-spacing":"CT_CSS_SKIP_RULE","text-transform":"uppercase","text-decoration":"CT_CSS_SKIP_RULE"},"pageMetaFontColor":{"default":{"color":"CT_CSS_SKIP_RULEDEFAULT"},"hover":{"color":"CT_CSS_SKIP_RULEDEFAULT"}},"page_meta_button_type_font_colors":{"default":{"color":"CT_CSS_SKIP_RULEDEFAULT"},"hover":{"color":"CT_CSS_SKIP_RULEDEFAULT"}},"page_meta_button_type_background_colors":{"default":{"color":"CT_CSS_SKIP_RULEDEFAULT"},"hover":{"color":"CT_CSS_SKIP_RULEDEFAULT"}},"pageExcerptFont":{"family":"Default","variation":"Default","size":"CT_CSS_SKIP_RULE","line-height":"CT_CSS_SKIP_RULE","letter-spacing":"CT_CSS_SKIP_RULE","text-transform":"CT_CSS_SKIP_RULE","text-decoration":"CT_CSS_SKIP_RULE"},"pageExcerptColor":{"default":{"color":"CT_CSS_SKIP_RULEDEFAULT"}},"breadcrumbsFont":{"family":"Default","variation":"Default","size":"CT_CSS_SKIP_RULE","line-height":"CT_CSS_SKIP_RULE","letter-spacing":"CT_CSS_SKIP_RULE","text-transform":"CT_CSS_SKIP_RULE","text-decoration":"CT_CSS_SKIP_RULE"},"breadcrumbsFontColor":{"default":{"color":"CT_CSS_SKIP_RULEDEFAULT"},"initial":{"color":"CT_CSS_SKIP_RULEDEFAULT"},"hover":{"color":"CT_CSS_SKIP_RULEDEFAULT"}},"pageTitleOverlay":{"background_type":"color","background_pattern":"type-1","background_image":{"attachment_id":null,"x":0,"y":0},"gradient":"linear-gradient(135deg,rgba(6,147,227,1) 0%,rgb(155,81,224) 100%)","background_repeat":"repeat","background_size":"auto","background_attachment":"scroll","patternColor":{"default":{"color":"#e5e7ea"}},"overlayColor":{"default":{"color":"CT_CSS_SKIP_RULE"}},"backgroundColor":{"default":{"color":"CT_CSS_SKIP_RULE"}}},"pageTitleBackground":{"background_type":"color","background_pattern":"type-1","background_image":{"attachment_id":null,"x":0,"y":0},"gradient":"linear-gradient(135deg,rgba(6,147,227,1) 0%,rgb(155,81,224) 100%)","background_repeat":"repeat","background_size":"auto","background_attachment":"scroll","patternColor":{"default":{"color":"#e5e7ea"}},"overlayColor":{"default":{"color":"CT_CSS_SKIP_RULE"}},"backgroundColor":{"default":{"color":"var(--paletteColor6)"}}},"pageTitlePadding":{"top":"50px","bottom":"50px","left":"auto","right":"auto","linked":true},"b23b8135f06b470072aec0169f16e1c9":"","page_structure_type":"type-3","805ab6db03f1796925aafff5d898fb91":"","content_style_source":"inherit","content_style":"wide","vertical_spacing_source":"inherit","content_area_spacing":"both","background":{"background_type":"color","background_pattern":"type-1","background_image":{"attachment_id":null,"x":0,"y":0},"gradient":"linear-gradient(135deg,rgba(6,147,227,1) 0%,rgb(155,81,224) 100%)","background_repeat":"repeat","background_size":"auto","background_attachment":"scroll","patternColor":{"default":{"color":"#e5e7ea"}},"overlayColor":{"default":{"color":"CT_CSS_SKIP_RULE"}},"backgroundColor":{"default":{"color":"CT_CSS_SKIP_RULE"}}},"content_background":{"background_type":"color","background_pattern":"type-1","background_image":{"attachment_id":null,"x":0,"y":0},"gradient":"linear-gradient(135deg,rgba(6,147,227,1) 0%,rgb(155,81,224) 100%)","background_repeat":"repeat","background_size":"auto","background_attachment":"scroll","patternColor":{"default":{"color":"#e5e7ea"}},"overlayColor":{"default":{"color":"CT_CSS_SKIP_RULE"}},"backgroundColor":{"default":{"color":"var(--paletteColor8)"}}},"content_boxed_shadow":{"inherit":false,"blur":18,"spread":-6,"v_offset":12,"h_offset":0,"inset":false,"enable":true,"color":{"color":"rgba(34, 56, 101, 0.04)"}},"content_boxed_border":{"width":1,"style":"none","color":{"color":"rgba(44,62,80,0.2)"}},"content_boxed_radius":{"top":"3px","bottom":"3px","left":"3px","right":"3px","linked":true},"boxed_content_spacing":{"desktop":{"top":"40px","bottom":"40px","left":"40px","right":"40px","linked":true},"tablet":{"top":"35px","bottom":"35px","left":"35px","right":"35px","linked":true},"mobile":{"top":"20px","bottom":"20px","left":"20px","right":"20px","linked":true}},"ce602f3743976249a9721ec32d834e92":"","disable_featured_image":"no","disable_share_box":"no","disable_header":"no","disable_footer":"no"},"featured_image_urls":{"full":"","thumbnail":"","medium":"","medium_large":"","large":"","1536x1536":"","2048x2048":""},"post_excerpt_stackable":"<p>Si desea informaci\u00f3n sobre las distintas opciones de patrocinio y espacios disponibles en la zona de exposici\u00f3n comercial para SEMNIM 2023, por favor cumplimente el siguiente formulario y recibir\u00e1 por e-mail el dossier comercial de la reuni\u00f3n. Los paquetes de patrocinio y los lugares en la exposici\u00f3n comercial son limitados y se asignar\u00e1n por orden de confirmaci\u00f3n. Si prefiere que construyamos un paquete personalizado de patrocinio a su medida, contacte con nosotros en&nbsp;semnim2023@bcocongresos.com Solicitar dossier comercial Quiero ser patrocinador \u00bfPor qu\u00e9 ser expositor? Estar presente en SEMNIM 2023 supone una oportunidad para que su organizaci\u00f3n aproveche 3 d\u00edas de acceso&hellip;<\/p>\n","category_list":"","author_info":{"name":"victorcuenca","url":"https:\/\/congresosemnim.com\/2023\/author\/victorcuenca\/"},"comments_num":"0 comentarios","_links":{"self":[{"href":"https:\/\/congresosemnim.com\/2023\/wp-json\/wp\/v2\/pages\/654","targetHints":{"allow":["GET"]}}],"collection":[{"href":"https:\/\/congresosemnim.com\/2023\/wp-json\/wp\/v2\/pages"}],"about":[{"href":"https:\/\/congresosemnim.com\/2023\/wp-json\/wp\/v2\/types\/page"}],"author":[{"embeddable":true,"href":"https:\/\/congresosemnim.com\/2023\/wp-json\/wp\/v2\/users\/3"}],"replies":[{"embeddable":true,"href":"https:\/\/congresosemnim.com\/2023\/wp-json\/wp\/v2\/comments?post=654"}],"version-history":[{"count":25,"href":"https:\/\/congresosemnim.com\/2023\/wp-json\/wp\/v2\/pages\/654\/revisions"}],"predecessor-version":[{"id":1011,"href":"https:\/\/congresosemnim.com\/2023\/wp-json\/wp\/v2\/pages\/654\/revisions\/1011"}],"wp:attachment":[{"href":"https:\/\/congresosemnim.com\/2023\/wp-json\/wp\/v2\/media?parent=654"}],"curies":[{"name":"wp","href":"https:\/\/api.w.org\/{rel}","templated":true}]}}