{"id":632,"date":"2023-01-09T16:54:10","date_gmt":"2023-01-09T16:54:10","guid":{"rendered":"https:\/\/congresosemnim.com\/2023\/?page_id=632"},"modified":"2023-05-09T12:43:39","modified_gmt":"2023-05-09T12:43:39","slug":"programa-cientifico","status":"publish","type":"page","link":"https:\/\/congresosemnim.com\/2023\/programa-cientifico\/","title":{"rendered":"Programa cient\u00edfico"},"content":{"rendered":"\n<div class=\"wp-block-stackable-button-group stk-block-button-group stk-block stk-4496ce4\" data-block-id=\"4496ce4\"><style>.stk-4496ce4{margin-bottom:50px !important}<\/style><div class=\"stk-row stk-inner-blocks has-text-align-center stk-block-content stk-button-group\">\n<div class=\"wp-block-stackable-button stk-block-button has-text-align-center stk-block stk-6c78149\" data-block-id=\"6c78149\"><style>.stk-6c78149 .stk-button{background:var(--paletteColor3,#006395) !important}.stk-6c78149 .stk-button:hover:after{background:var(--paletteColor6,#FFCB00) !important;opacity:1 !important}<\/style><a class=\"stk-link stk-button stk--hover-effect-darken\" href=\"https:\/\/congresosemnim.com\/2023\/wp-content\/uploads\/2023\/05\/SEMNIM2023_Programa_de_bolsillo_reverso_prueba05-ENVIADO.pdf\" target=\"_blank\" rel=\"noreferrer noopener\"><span class=\"stk-button__inner-text\">Descargar el cronograma en PDF<\/span><\/a><\/div>\n<\/div><\/div>\n\n\n\n<div class=\"wp-block-stackable-heading stk-block-heading stk-block stk-bc6a7d3\" id=\"clica-en-cada-sesion-para-obtener-mas-informacion\" data-block-id=\"bc6a7d3\"><style>.stk-bc6a7d3{margin-bottom:50px !important}<\/style><h5 class=\"stk-block-heading__text has-text-align-center\">Clica en cada sesi\u00f3n para obtener m\u00e1s informaci\u00f3n<\/h5><\/div>\n\n\n\n<iframe loading=\"lazy\" src=\"https:\/\/barcelo.eventsair.com\/semnim2023\/\" width=\"100%\" height=\"800\"><\/iframe>\n\n\n\n<div class=\"wp-block-getwid-tabs oculto\" data-active-tab=\"0\"><ul class=\"wp-block-getwid-tabs__nav-links\"><\/ul>\n<div class=\"wp-block-getwid-tabs__nav-link\"><span class=\"wp-block-getwid-tabs__title-wrapper\"><a href=\"#\"><span class=\"wp-block-getwid-tabs__title\"><strong>Mi\u00e9rcoles, 10 de mayo<\/strong><\/span><\/a><\/span><\/div><div class=\"wp-block-getwid-tabs__tab-content-wrapper\"><div class=\"wp-block-getwid-tabs__tab-content\">\n<div class=\"wp-block-stackable-image stk-block-image stk-block stk-52bf3f1\" data-block-id=\"52bf3f1\"><figure class=\"stk-img-wrapper stk-image--shape-stretch\"><img loading=\"lazy\" decoding=\"async\" class=\"stk-img wp-image-861\" src=\"https:\/\/congresosemnim.com\/2023\/wp-content\/uploads\/2023\/01\/Programa-Miercoles-10-Mayo-2023-25.01.2022.png\" width=\"3000\" height=\"1221\" srcset=\"https:\/\/congresosemnim.com\/2023\/wp-content\/uploads\/2023\/01\/Programa-Miercoles-10-Mayo-2023-25.01.2022.png 3000w, https:\/\/congresosemnim.com\/2023\/wp-content\/uploads\/2023\/01\/Programa-Miercoles-10-Mayo-2023-25.01.2022-300x122.png 300w, https:\/\/congresosemnim.com\/2023\/wp-content\/uploads\/2023\/01\/Programa-Miercoles-10-Mayo-2023-25.01.2022-1024x417.png 1024w, https:\/\/congresosemnim.com\/2023\/wp-content\/uploads\/2023\/01\/Programa-Miercoles-10-Mayo-2023-25.01.2022-768x313.png 768w, https:\/\/congresosemnim.com\/2023\/wp-content\/uploads\/2023\/01\/Programa-Miercoles-10-Mayo-2023-25.01.2022-1536x625.png 1536w, https:\/\/congresosemnim.com\/2023\/wp-content\/uploads\/2023\/01\/Programa-Miercoles-10-Mayo-2023-25.01.2022-2048x834.png 2048w\" sizes=\"auto, (max-width: 3000px) 100vw, 3000px\" \/><\/figure><\/div>\n\n\n\n<p><\/p>\n<\/div><\/div>\n\n\n\n<div class=\"wp-block-getwid-tabs__nav-link\"><span class=\"wp-block-getwid-tabs__title-wrapper\"><a href=\"#\"><span class=\"wp-block-getwid-tabs__title\"><strong>Jueves, 11 de mayo<\/strong><\/span><\/a><\/span><\/div><div class=\"wp-block-getwid-tabs__tab-content-wrapper\"><div class=\"wp-block-getwid-tabs__tab-content\">\n<div class=\"wp-block-stackable-image stk-block-image stk-block stk-84db547\" data-block-id=\"84db547\"><figure class=\"stk-img-wrapper stk-image--shape-stretch\"><img loading=\"lazy\" decoding=\"async\" class=\"stk-img wp-image-860\" src=\"https:\/\/congresosemnim.com\/2023\/wp-content\/uploads\/2023\/01\/Programa-Jueves-11-Mayo-2023-25.01.2022.png\" width=\"3000\" height=\"1130\" srcset=\"https:\/\/congresosemnim.com\/2023\/wp-content\/uploads\/2023\/01\/Programa-Jueves-11-Mayo-2023-25.01.2022.png 3000w, https:\/\/congresosemnim.com\/2023\/wp-content\/uploads\/2023\/01\/Programa-Jueves-11-Mayo-2023-25.01.2022-300x113.png 300w, https:\/\/congresosemnim.com\/2023\/wp-content\/uploads\/2023\/01\/Programa-Jueves-11-Mayo-2023-25.01.2022-1024x386.png 1024w, https:\/\/congresosemnim.com\/2023\/wp-content\/uploads\/2023\/01\/Programa-Jueves-11-Mayo-2023-25.01.2022-768x289.png 768w, https:\/\/congresosemnim.com\/2023\/wp-content\/uploads\/2023\/01\/Programa-Jueves-11-Mayo-2023-25.01.2022-1536x579.png 1536w, https:\/\/congresosemnim.com\/2023\/wp-content\/uploads\/2023\/01\/Programa-Jueves-11-Mayo-2023-25.01.2022-2048x771.png 2048w\" sizes=\"auto, (max-width: 3000px) 100vw, 3000px\" \/><\/figure><\/div>\n\n\n\n<p><\/p>\n<\/div><\/div>\n\n\n\n<div class=\"wp-block-getwid-tabs__nav-link\"><span class=\"wp-block-getwid-tabs__title-wrapper\"><a href=\"#\"><span class=\"wp-block-getwid-tabs__title\"><strong>Viernes, 12 de mayo<\/strong><\/span><\/a><\/span><\/div><div class=\"wp-block-getwid-tabs__tab-content-wrapper\"><div class=\"wp-block-getwid-tabs__tab-content\">\n<div class=\"wp-block-stackable-image stk-block-image stk-block stk-541e1bb\" data-block-id=\"541e1bb\"><figure class=\"stk-img-wrapper stk-image--shape-stretch\"><img loading=\"lazy\" decoding=\"async\" class=\"stk-img wp-image-862\" src=\"https:\/\/congresosemnim.com\/2023\/wp-content\/uploads\/2023\/01\/Programa-Viernes-12-Mayo-2023-25.01.2022.png\" width=\"3000\" height=\"1189\" srcset=\"https:\/\/congresosemnim.com\/2023\/wp-content\/uploads\/2023\/01\/Programa-Viernes-12-Mayo-2023-25.01.2022.png 3000w, https:\/\/congresosemnim.com\/2023\/wp-content\/uploads\/2023\/01\/Programa-Viernes-12-Mayo-2023-25.01.2022-300x119.png 300w, https:\/\/congresosemnim.com\/2023\/wp-content\/uploads\/2023\/01\/Programa-Viernes-12-Mayo-2023-25.01.2022-1024x406.png 1024w, https:\/\/congresosemnim.com\/2023\/wp-content\/uploads\/2023\/01\/Programa-Viernes-12-Mayo-2023-25.01.2022-768x304.png 768w, https:\/\/congresosemnim.com\/2023\/wp-content\/uploads\/2023\/01\/Programa-Viernes-12-Mayo-2023-25.01.2022-1536x609.png 1536w, https:\/\/congresosemnim.com\/2023\/wp-content\/uploads\/2023\/01\/Programa-Viernes-12-Mayo-2023-25.01.2022-2048x812.png 2048w\" sizes=\"auto, (max-width: 3000px) 100vw, 3000px\" \/><\/figure><\/div>\n\n\n\n<p><\/p>\n<\/div><\/div>\n<\/div>\n\n\n\n<div class=\"wp-block-stackable-heading stk-block-heading stk-block stk-8b6a891\" id=\"este-es-un-programa-preliminar-que-puede-sufrir-modificaciones\" data-block-id=\"8b6a891\"><style>.stk-8b6a891{margin-top:50px !important;margin-bottom:50px !important}<\/style><h5 class=\"stk-block-heading__text has-text-align-left\">Este es un programa preliminar que puede sufrir modificaciones.<\/h5><\/div>\n","protected":false},"excerpt":{"rendered":"<p>Descargar el cronograma en PDF Clica en cada sesi\u00f3n para obtener m\u00e1s informaci\u00f3n Este es un programa preliminar que puede sufrir modificaciones.<\/p>\n","protected":false},"author":3,"featured_media":0,"parent":0,"menu_order":0,"comment_status":"closed","ping_status":"closed","template":"","meta":{"footnotes":""},"class_list":["post-632","page","type-page","status-publish","hentry"],"blocksy_meta":{"styles_descriptor":{"styles":{"desktop":"","tablet":"","mobile":""},"google_fonts":[],"version":5}},"featured_image_urls":{"full":"","thumbnail":"","medium":"","medium_large":"","large":"","1536x1536":"","2048x2048":""},"post_excerpt_stackable":"<p>Descargar el cronograma en PDF Clica en cada sesi\u00f3n para obtener m\u00e1s informaci\u00f3n Mi\u00e9rcoles, 10 de mayo Jueves, 11 de mayo Viernes, 12 de mayo Este es un programa preliminar que puede sufrir modificaciones.<\/p>\n","category_list":"","author_info":{"name":"victorcuenca","url":"https:\/\/congresosemnim.com\/2023\/author\/victorcuenca\/"},"comments_num":"0 comentarios","_links":{"self":[{"href":"https:\/\/congresosemnim.com\/2023\/wp-json\/wp\/v2\/pages\/632","targetHints":{"allow":["GET"]}}],"collection":[{"href":"https:\/\/congresosemnim.com\/2023\/wp-json\/wp\/v2\/pages"}],"about":[{"href":"https:\/\/congresosemnim.com\/2023\/wp-json\/wp\/v2\/types\/page"}],"author":[{"embeddable":true,"href":"https:\/\/congresosemnim.com\/2023\/wp-json\/wp\/v2\/users\/3"}],"replies":[{"embeddable":true,"href":"https:\/\/congresosemnim.com\/2023\/wp-json\/wp\/v2\/comments?post=632"}],"version-history":[{"count":22,"href":"https:\/\/congresosemnim.com\/2023\/wp-json\/wp\/v2\/pages\/632\/revisions"}],"predecessor-version":[{"id":1100,"href":"https:\/\/congresosemnim.com\/2023\/wp-json\/wp\/v2\/pages\/632\/revisions\/1100"}],"wp:attachment":[{"href":"https:\/\/congresosemnim.com\/2023\/wp-json\/wp\/v2\/media?parent=632"}],"curies":[{"name":"wp","href":"https:\/\/api.w.org\/{rel}","templated":true}]}}