{"id":554,"date":"2022-11-21T23:50:29","date_gmt":"2022-11-21T23:50:29","guid":{"rendered":"https:\/\/congresosemnim.com\/2023\/?page_id=554"},"modified":"2023-02-02T07:26:23","modified_gmt":"2023-02-02T07:26:23","slug":"informacion-cientifica","status":"publish","type":"page","link":"https:\/\/congresosemnim.com\/2023\/informacion-cientifica\/","title":{"rendered":"Comunicaciones"},"content":{"rendered":"\n<div class=\"wp-block-stackable-heading stk-block-heading stk-block stk-4710eb8\" id=\"muchas-gracias-a-todos-los-autores-as-que-han-enviado-su-comunicacion-para-el-congreso\" data-block-id=\"4710eb8\"><style>.stk-4710eb8{margin-bottom:29px !important}<\/style><h4 class=\"stk-block-heading__text has-text-align-center\">Muchas gracias a todos los autores-as que han enviado su comunicaci\u00f3n para el Congreso<\/h4><\/div>\n\n\n\n<div class=\"wp-block-stackable-text stk-block-text stk-block stk-1354faf\" data-block-id=\"1354faf\"><style>.stk-1354faf{margin-bottom:50px !important}.stk-1354faf .stk-block-text__text{font-size:15px !important;line-height:19px !important}@media screen and (max-width:1023px){.stk-1354faf .stk-block-text__text{font-size:15px !important}}<\/style><p class=\"stk-block-text__text\">Ahora empieza el periodo de revisi\u00f3n de las comunicaciones recibidas, y el <strong>15 de marzo<\/strong> se informar\u00e1 a los autores-as de la aceptaci\u00f3n o no de su trabajo.<\/p><\/div>\n\n\n\n<div class=\"wp-block-stackable-heading stk-block-heading stk-block stk-9f22251\" id=\"normas-generales\" data-block-id=\"9f22251\"><h2 class=\"stk-block-heading__text\">Normas generales<\/h2><\/div>\n\n\n\n<ul class=\"wp-block-list\">\n<li><strong>Ampliado <\/strong>el plazo para el env\u00edo de res\u00famenes de trabajos al congreso hasta el<strong><span style=\"color: #dd0a0a;\" class=\"stk-highlight\"> 31 de enero de 2023.<\/span><\/strong><\/li>\n\n\n\n<li>S\u00f3lo se admitir\u00e1n res\u00famenes de trabajos originales que no hayan sido publicados con anterioridad en ning\u00fan formato (revistas, soporte inform\u00e1tico, web\u2026) o presentado en congresos y jornadas anteriores.<\/li>\n\n\n\n<li>No se aceptar\u00e1n casos cl\u00ednicos.<\/li>\n\n\n\n<li>Los autores ser\u00e1n responsables frente a terceros de la originalidad y propiedad de los trabajos presentados.<\/li>\n\n\n\n<li>El Comit\u00e9 Cient\u00edfico del Congreso se reserva el derecho de no aceptar res\u00famenes que considere plagio.<\/li>\n\n\n\n<li>Todos los trabajos presentados deben estar en idioma castellano.<\/li>\n\n\n\n<li>Los res\u00famenes deben ser presentados a trav\u00e9s de la plataforma de env\u00edo de res\u00famenes facilitada por la p\u00e1gina web del congreso en la que el\/los autores deben estar registrados. NO se admitir\u00e1n trabajos presentados por otra v\u00eda diferente a dicha plataforma.<\/li>\n\n\n\n<li>Los autores aceptan, con el env\u00edo de su comunicaci\u00f3n, que la SEMNIM pueda divulgar a trav\u00e9s de sus propios medios (web, revista\u2026) u otros autorizados las comunicaciones aqu\u00ed presentadas, sin perjuicio para la misma.<\/li>\n<\/ul>\n\n\n\n<div class=\"wp-block-stackable-heading stk-block-heading stk-block stk-52f318c\" id=\"tipos-de-participacion\" data-block-id=\"52f318c\"><h2 class=\"stk-block-heading__text\">Tipos de participaci\u00f3n<\/h2><\/div>\n\n\n\n<p>Las modalidades de presentaci\u00f3n en el Congreso ser\u00e1n las habituales: comunicaci\u00f3n oral y tipo p\u00f3ster. Se debe marcar el tipo de presentaci\u00f3n deseada (oral, p\u00f3ster). El Comit\u00e9 Cient\u00edfico se reserva el derecho de derivar las comunicaciones orales a p\u00f3ster o viceversa si as\u00ed lo considera oportuno. Dicha decisi\u00f3n se comunicar\u00e1 al autor principal a trav\u00e9s del contacto v\u00eda mail.<\/p>\n\n\n\n<p>El env\u00edo de res\u00famenes constar\u00e1 de las siguientes partes:<\/p>\n\n\n\n<p><strong><span style=\"color: var(--paletteColor3, #006395);\" class=\"stk-highlight\">T\u00edtulo:<\/span><\/strong> Debe ser breve y espec\u00edfico sin abreviaturas y no indicar procedencia que lo haga identificable. Su extensi\u00f3n no debe superar las 30 palabras. (Si intenta introducir un texto m\u00e1s largo quedar\u00e1 cortado, y por tanto los evaluadores no podr\u00e1n evaluar el texto cortado).<\/p>\n\n\n\n<p><strong><span style=\"color: var(--paletteColor3, #006395);\" class=\"stk-highlight\">Autores:<\/span><\/strong> Se admiten un n\u00famero m\u00e1ximo de 9 autores.<br>Al menos uno de los autores firmantes deber\u00e1 ser miembro de la SEMNIM, pero en casos excepcionales, por la originalidad e importancia del tema, el Comit\u00e9 Cient\u00edfico podr\u00e1 admitir una comunicaci\u00f3n cuyos autores no sean miembros de SEMNIM, lo cual deber\u00e1 ser solicitado por escrito (Art. 6.1 del reglamento de congresos de la SEMNIM).<br>El autor principal ser\u00e1 quien presente la comunicaci\u00f3n o p\u00f3ster en el congreso. Todos los autores deben indicar su categor\u00eda profesional y lugar de trabajo principal. Para poder presentar el trabajo, una vez seleccionado por el Comit\u00e9 Cient\u00edfico, es imprescindible que el autor principal est\u00e9 inscrito en el Congreso.<\/p>\n\n\n\n<p><strong><span style=\"color: var(--paletteColor3, #006395);\" class=\"stk-highlight\">Resumen:<\/span><\/strong> El texto no debe tener una extensi\u00f3n superior a 300 palabras. Si desea emplear caracteres gr\u00e1ficos no usuales como &gt;, &lt;, +, \/\u2026 siga las instrucciones de la aplicaci\u00f3n de env\u00edo de res\u00famenes. No se deben incluir referencias bibliogr\u00e1ficas, gr\u00e1ficos, tablas ni figuras.<\/p>\n\n\n\n<p>Dado que las evaluaciones de los res\u00famenes se hacen de forma an\u00f3nima, los datos personales del autor o autores y la procedencia no se facilitar\u00e1n al Comit\u00e9 Evaluador, as\u00ed como tampoco incluir\u00e1 referencias, grado acad\u00e9mico de autores, agradecimientos ni datos que identifiquen a los mismos o sus centros. Si as\u00ed fuera quedar\u00e1n autom\u00e1ticamente excluidos.<\/p>\n\n\n\n<p>Se deber\u00e1n evitar las abreviaturas. En caso de utilizarlas, deben definirse la primera vez que aparezcan. Utilizar s\u00f3lo las m\u00e1s comunes en Medicina o Medicina Nuclear. No es necesario incluir bibliograf\u00eda.<\/p>\n\n\n\n<p>En el caso de los productos farmac\u00e9uticos y radiof\u00e1rmacos se recomienda poner el nombre del principio activo y el radion\u00faclido y evitar en lo posible la aparici\u00f3n de su nombre comercial.<\/p>\n\n\n\n<p>La estructura del resumen para ambos tipos de trabajos es:<\/p>\n\n\n\n<ul class=\"wp-block-list\">\n<li>Objetivos<\/li>\n\n\n\n<li>Material y M\u00e9todo<\/li>\n\n\n\n<li>Resultado<\/li>\n\n\n\n<li>Conclusiones<\/li>\n<\/ul>\n\n\n\n<div class=\"wp-block-stackable-columns stk-block-columns stk-block stk-4824749\" data-block-id=\"4824749\"><div class=\"stk-row stk-inner-blocks stk-block-content stk-content-align stk-4824749-column\">\n<div class=\"wp-block-stackable-column stk-block-column stk-block-column--v2 stk-column stk-block stk-e08d8c8\" data-block-id=\"e08d8c8\"><div class=\"stk-column-wrapper stk-block-column__content stk-container stk-e08d8c8-container stk--no-background stk--no-padding\"><div class=\"stk-block-content stk-inner-blocks stk-e08d8c8-inner-blocks\">\n<p><strong><span style=\"color: var(--paletteColor3, #006395);\" class=\"stk-highlight\">Categor\u00eda profesional:<\/span><\/strong>&nbsp;Debe incluir la categor\u00eda profesional a la que pertenece su trabajo:<\/p>\n\n\n\n<ul class=\"wp-block-list\">\n<li>T\u00e9cnicos\/Enfermer\u00eda\/DUE<\/li>\n\n\n\n<li>Radiofarmacia<\/li>\n\n\n\n<li>Radiof\u00edsica\/Radioprotecci\u00f3n<\/li>\n\n\n\n<li>Medicina Nuclear<\/li>\n\n\n\n<li>Otra<\/li>\n<\/ul>\n<\/div><\/div><\/div>\n\n\n\n<div class=\"wp-block-stackable-column stk-block-column stk-block-column--v2 stk-column stk-block stk-440a5ae\" data-block-id=\"440a5ae\"><div class=\"stk-column-wrapper stk-block-column__content stk-container stk-440a5ae-container stk--no-background stk--no-padding\"><div class=\"stk-block-content stk-inner-blocks stk-440a5ae-inner-blocks\">\n<p><strong><span style=\"color: var(--paletteColor3, #006395);\" class=\"stk-highlight\">\u00c1rea tem\u00e1tica<\/span><\/strong>&nbsp;(\u00fanicamente para res\u00famenes de Medicina Nuclear): Debe incluir el \u00e1rea en el que encuadra su presentaci\u00f3n:<\/p>\n\n\n\n<ul class=\"wp-block-list\">\n<li>Oncolog\u00eda<\/li>\n\n\n\n<li>Musculoesquel\u00e9tico<\/li>\n\n\n\n<li>Cardiolog\u00eda<\/li>\n\n\n\n<li>Neurolog\u00eda<\/li>\n\n\n\n<li>Cirug\u00eda radioguiada<\/li>\n\n\n\n<li>Gesti\u00f3n y Calidad<\/li>\n\n\n\n<li>Endocrinolog\u00eda<\/li>\n\n\n\n<li>Otros<\/li>\n<\/ul>\n<\/div><\/div><\/div>\n<\/div><\/div>\n\n\n\n<p><strong><span style=\"color: var(--paletteColor3, #006395);\" class=\"stk-highlight\">Conflicto de intereses:<\/span><\/strong>&nbsp;Financiaci\u00f3n total o parcialmente por empresas, competencia acad\u00e9mica, relaciones personales o familiares (relacionado con el objeto o producto en estudio).<\/p>\n\n\n\n<div class=\"wp-block-stackable-heading stk-block-heading stk-block stk-f6adde6\" id=\"aspectos-a-tener-en-cuenta\" data-block-id=\"f6adde6\"><h2 class=\"stk-block-heading__text\">Aspectos a tener en cuenta<\/h2><\/div>\n\n\n\n<ul class=\"wp-block-list\">\n<li>Se establecer\u00e1 comunicaci\u00f3n \u00fanicamente con el autor principal (ponente), para lo cual debe facilitar una direcci\u00f3n de correo electr\u00f3nico operativa.<\/li>\n\n\n\n<li>Una vez finalizado el plazo de env\u00edo de res\u00famenes NO se admitir\u00e1n cambios de autores. En el certificado aparecer\u00e1n los autores en el mismo orden y formato que en el resumen enviado.<\/li>\n\n\n\n<li>Todos los trabajos cuyo ponente no haya realizado la inscripci\u00f3n a fecha <strong><span style=\"color: var(--paletteColor3, #006395);\" class=\"stk-highlight\">9 de abril de 2023<\/span><\/strong> podr\u00e1n ser retirados del programa del Congreso.<\/li>\n\n\n\n<li>En el caso de que un ponente no realice la presentaci\u00f3n todos los autores perder\u00e1n el derecho a recibir el certificado correspondiente.<\/li>\n\n\n\n<li>La informaci\u00f3n ser\u00e1 publicada tal como se recibe, por ello, presten especial inter\u00e9s en la correcta cumplimentaci\u00f3n de todos los apartados<\/li>\n\n\n\n<li>Para cualquier consulta que necesite realizar, no dude en ponerse en contacto con la Secretar\u00eda T\u00e9cnica.<\/li>\n<\/ul>\n","protected":false},"excerpt":{"rendered":"<p>Muchas gracias a todos los autores-as que han enviado su comunicaci\u00f3n para el Congreso Ahora empieza el periodo de revisi\u00f3n de las comunicaciones recibidas, y el 15 de marzo se informar\u00e1 a los autores-as de la aceptaci\u00f3n o no de su trabajo. Normas generales Tipos de participaci\u00f3n Las modalidades de presentaci\u00f3n en el Congreso ser\u00e1n [&hellip;]<\/p>\n","protected":false},"author":3,"featured_media":0,"parent":0,"menu_order":0,"comment_status":"closed","ping_status":"closed","template":"","meta":{"footnotes":""},"class_list":["post-554","page","type-page","status-publish","hentry"],"blocksy_meta":{"styles_descriptor":{"styles":{"desktop":"","tablet":"","mobile":""},"google_fonts":[],"version":5},"page_title_panel":"","has_hero_section":"default","e7b9476207afa0b3dd925984908a0816":"","hero_section":"type-1","hero_elements":[{"id":"custom_title","enabled":true,"heading_tag":"h1","title":"Inicio"},{"id":"custom_description","enabled":true,"description_visibility":{"desktop":true,"tablet":true,"mobile":false}},{"id":"custom_meta","enabled":false,"meta_elements":[{"id":"author","enabled":true,"label":"Por","has_author_avatar":"yes","avatar_size":25},{"id":"post_date","enabled":true,"label":"El","date_format_source":"default","date_format":"M j, Y"},{"id":"updated_date","enabled":false,"label":"El","date_format_source":"default","date_format":"M j, Y"},{"id":"categories","enabled":false,"label":"Dentro","style":"simple"},{"id":"comments","enabled":true}],"page_meta_elements":{"joined":true,"articles_count":true,"comments":true}},{"id":"breadcrumbs","enabled":false}],"4a311a63d06028a4e6e731d9f2e7f57c":"","hero_alignment1":"CT_CSS_SKIP_RULE","hero_margin":40,"hero_alignment2":"center","hero_vertical_alignment":"center","d539392c2c3ba5c057beaa60c62a7079":"","hero_structure":"narrow","41703eb6f05a213617da11721bd27df8":"","page_title_bg_type":"featured_image","custom_hero_background":{"attachment_id":null},"page_title_image_size":"full","parallax":{"desktop":false,"tablet":false,"mobile":false},"4c3a163c569f506c436ea1dd842cff59":"","hero_height":"250px","pageTitleFont":{"family":"Default","variation":"Default","size":"30px","line-height":"CT_CSS_SKIP_RULE","letter-spacing":"CT_CSS_SKIP_RULE","text-transform":"CT_CSS_SKIP_RULE","text-decoration":"CT_CSS_SKIP_RULE"},"pageTitleFontColor":{"default":{"color":"CT_CSS_SKIP_RULEDEFAULT"}},"pageMetaFont":{"family":"Default","variation":"n6","size":"12px","line-height":"1.3","letter-spacing":"CT_CSS_SKIP_RULE","text-transform":"uppercase","text-decoration":"CT_CSS_SKIP_RULE"},"pageMetaFontColor":{"default":{"color":"CT_CSS_SKIP_RULEDEFAULT"},"hover":{"color":"CT_CSS_SKIP_RULEDEFAULT"}},"page_meta_button_type_font_colors":{"default":{"color":"CT_CSS_SKIP_RULEDEFAULT"},"hover":{"color":"CT_CSS_SKIP_RULEDEFAULT"}},"page_meta_button_type_background_colors":{"default":{"color":"CT_CSS_SKIP_RULEDEFAULT"},"hover":{"color":"CT_CSS_SKIP_RULEDEFAULT"}},"pageExcerptFont":{"family":"Default","variation":"Default","size":"CT_CSS_SKIP_RULE","line-height":"CT_CSS_SKIP_RULE","letter-spacing":"CT_CSS_SKIP_RULE","text-transform":"CT_CSS_SKIP_RULE","text-decoration":"CT_CSS_SKIP_RULE"},"pageExcerptColor":{"default":{"color":"CT_CSS_SKIP_RULEDEFAULT"}},"breadcrumbsFont":{"family":"Default","variation":"Default","size":"CT_CSS_SKIP_RULE","line-height":"CT_CSS_SKIP_RULE","letter-spacing":"CT_CSS_SKIP_RULE","text-transform":"CT_CSS_SKIP_RULE","text-decoration":"CT_CSS_SKIP_RULE"},"breadcrumbsFontColor":{"default":{"color":"CT_CSS_SKIP_RULEDEFAULT"},"initial":{"color":"CT_CSS_SKIP_RULEDEFAULT"},"hover":{"color":"CT_CSS_SKIP_RULEDEFAULT"}},"pageTitleOverlay":{"background_type":"color","background_pattern":"type-1","background_image":{"attachment_id":null,"x":0,"y":0},"gradient":"linear-gradient(135deg,rgba(6,147,227,1) 0%,rgb(155,81,224) 100%)","background_repeat":"repeat","background_size":"auto","background_attachment":"scroll","patternColor":{"default":{"color":"#e5e7ea"}},"overlayColor":{"default":{"color":"CT_CSS_SKIP_RULE"}},"backgroundColor":{"default":{"color":"CT_CSS_SKIP_RULE"}}},"pageTitleBackground":{"background_type":"color","background_pattern":"type-1","background_image":{"attachment_id":null,"x":0,"y":0},"gradient":"linear-gradient(135deg,rgba(6,147,227,1) 0%,rgb(155,81,224) 100%)","background_repeat":"repeat","background_size":"auto","background_attachment":"scroll","patternColor":{"default":{"color":"#e5e7ea"}},"overlayColor":{"default":{"color":"CT_CSS_SKIP_RULE"}},"backgroundColor":{"default":{"color":"var(--paletteColor6)"}}},"pageTitlePadding":{"top":"50px","bottom":"50px","left":"auto","right":"auto","linked":true},"6154cad9432c4e14a4445d86aacee7b5":"","page_structure_type":"type-3","5dea981903ead23b75c6bb228fb56dad":"","content_style_source":"inherit","content_style":"wide","vertical_spacing_source":"inherit","content_area_spacing":"both","background":{"background_type":"color","background_pattern":"type-1","background_image":{"attachment_id":null,"x":0,"y":0},"gradient":"linear-gradient(135deg,rgba(6,147,227,1) 0%,rgb(155,81,224) 100%)","background_repeat":"repeat","background_size":"auto","background_attachment":"scroll","patternColor":{"default":{"color":"#e5e7ea"}},"overlayColor":{"default":{"color":"CT_CSS_SKIP_RULE"}},"backgroundColor":{"default":{"color":"CT_CSS_SKIP_RULE"}}},"content_background":{"background_type":"color","background_pattern":"type-1","background_image":{"attachment_id":null,"x":0,"y":0},"gradient":"linear-gradient(135deg,rgba(6,147,227,1) 0%,rgb(155,81,224) 100%)","background_repeat":"repeat","background_size":"auto","background_attachment":"scroll","patternColor":{"default":{"color":"#e5e7ea"}},"overlayColor":{"default":{"color":"CT_CSS_SKIP_RULE"}},"backgroundColor":{"default":{"color":"var(--paletteColor8)"}}},"content_boxed_shadow":{"inherit":false,"blur":18,"spread":-6,"v_offset":12,"h_offset":0,"inset":false,"enable":true,"color":{"color":"rgba(34, 56, 101, 0.04)"}},"content_boxed_border":{"width":1,"style":"none","color":{"color":"rgba(44,62,80,0.2)"}},"content_boxed_radius":{"top":"3px","bottom":"3px","left":"3px","right":"3px","linked":true},"boxed_content_spacing":{"desktop":{"top":"40px","bottom":"40px","left":"40px","right":"40px","linked":true},"tablet":{"top":"35px","bottom":"35px","left":"35px","right":"35px","linked":true},"mobile":{"top":"20px","bottom":"20px","left":"20px","right":"20px","linked":true}},"bcedd5652bbfcc651389d68ae2caab8a":"","disable_featured_image":"no","disable_share_box":"no","disable_header":"no","disable_footer":"no","95f8e429da626d1ea0e9cd01ac30fc7c":"","6c9b0d93d5911ae0cfa1ea601cb7c341":"","d5241d7b0886a30b231c7afdea372830":"","a00d7380872fb1c9b45cb960cc49db4b":"","c5be5531ec8bc83b4ed62bed9dbed0b7":"","8a43dc6c8f3dcaa313bb716fd2b85f18":"","1ad59e42c38c0704f507edae51283e62":"","66f0438271b72f8627027f13145f5d20":""},"featured_image_urls":{"full":"","thumbnail":"","medium":"","medium_large":"","large":"","1536x1536":"","2048x2048":""},"post_excerpt_stackable":"<p>Muchas gracias a todos los autores-as que han enviado su comunicaci\u00f3n para el Congreso Ahora empieza el periodo de revisi\u00f3n de las comunicaciones recibidas, y el 15 de marzo se informar\u00e1 a los autores-as de la aceptaci\u00f3n o no de su trabajo. Normas generales Ampliado el plazo para el env\u00edo de res\u00famenes de trabajos al congreso hasta el 31 de enero de 2023. S\u00f3lo se admitir\u00e1n res\u00famenes de trabajos originales que no hayan sido publicados con anterioridad en ning\u00fan formato (revistas, soporte inform\u00e1tico, web\u2026) o presentado en congresos y jornadas anteriores. No se aceptar\u00e1n casos cl\u00ednicos. Los autores ser\u00e1n responsables&hellip;<\/p>\n","category_list":"","author_info":{"name":"victorcuenca","url":"https:\/\/congresosemnim.com\/2023\/author\/victorcuenca\/"},"comments_num":"0 comentarios","_links":{"self":[{"href":"https:\/\/congresosemnim.com\/2023\/wp-json\/wp\/v2\/pages\/554","targetHints":{"allow":["GET"]}}],"collection":[{"href":"https:\/\/congresosemnim.com\/2023\/wp-json\/wp\/v2\/pages"}],"about":[{"href":"https:\/\/congresosemnim.com\/2023\/wp-json\/wp\/v2\/types\/page"}],"author":[{"embeddable":true,"href":"https:\/\/congresosemnim.com\/2023\/wp-json\/wp\/v2\/users\/3"}],"replies":[{"embeddable":true,"href":"https:\/\/congresosemnim.com\/2023\/wp-json\/wp\/v2\/comments?post=554"}],"version-history":[{"count":21,"href":"https:\/\/congresosemnim.com\/2023\/wp-json\/wp\/v2\/pages\/554\/revisions"}],"predecessor-version":[{"id":930,"href":"https:\/\/congresosemnim.com\/2023\/wp-json\/wp\/v2\/pages\/554\/revisions\/930"}],"wp:attachment":[{"href":"https:\/\/congresosemnim.com\/2023\/wp-json\/wp\/v2\/media?parent=554"}],"curies":[{"name":"wp","href":"https:\/\/api.w.org\/{rel}","templated":true}]}}