{"id":233,"date":"2022-11-01T16:36:02","date_gmt":"2022-11-01T16:36:02","guid":{"rendered":"https:\/\/congresosemnim.com\/2023\/?page_id=233"},"modified":"2022-11-24T07:49:53","modified_gmt":"2022-11-24T07:49:53","slug":"bienvenida-de-la-semnin-y-del-comite-cientifico-del-congreso","status":"publish","type":"page","link":"https:\/\/congresosemnim.com\/2023\/bienvenida-de-la-semnin-y-del-comite-cientifico-del-congreso\/","title":{"rendered":"Bienvenida de la SEMNIM y del  Comit\u00e9 Cient\u00edfico del Congreso"},"content":{"rendered":"\n<p><strong><span style=\"color: var(--paletteColor3, #006395);\" class=\"stk-highlight\">Bienvenida a SEMNIM23,<\/span><\/strong><\/p>\n\n\n\n<p>En nombre de los Comit\u00e9s Organizador, Local y Cient\u00edfico del Congreso SEMNIM2023 nos complace compartir contigo esta cita de Medicina Nuclear e Imagen y Terapia Molecular en el Palacio de Congresos de Granada, del 10 al 12 de mayo de 2023.<\/p>\n\n\n\n<p>Queremos agradecer a todas las personas que formamos esta gran Familia Nuclear su generosidad, resiliencia y extraordinaria capacidad de afrontar los retos que se han ido planteando desde 2020, cuando planific\u00e1bamos la organizaci\u00f3n de este Congreso.<\/p>\n\n\n\n<p>Nuestra intenci\u00f3n es organizar una reuni\u00f3n de la m\u00e1xima calidad cient\u00edfica en la que compartamos nuestros conocimientos bajo el lema \u201cPasi\u00f3n Nuclear por la Salud de los Pacientes\u201d. Presentaremos los progresos de Medicina Nuclear y otras especialidades m\u00e9dicas: Radiofarmacia, F\u00edsica M\u00e9dica y Protecci\u00f3n Radiol\u00f3gica, Enfermer\u00eda y T\u00e9cnicos, Ingenier\u00eda y Bioinform\u00e1tica as\u00ed como los avances tecnol\u00f3gicos. Nuestro objetivo es ampliar nuestra visi\u00f3n de la Medicina Nuclear para afrontar los retos del futuro.<\/p>\n\n\n\n<p>Tenemos el privilegio de contar con el Dr. Antonio Rodr\u00edguez, presidente del Comit\u00e9 Local, y todas las personas que est\u00e1n colaborando en la organizaci\u00f3n presencial en el Palacio de Congresos y la programaci\u00f3n de los actos sociales. Nos complace informarte que esta edici\u00f3n contar\u00e1 con la grabaci\u00f3n de determinadas sesiones para permitir el acceso virtual a los contenidos formativos.<\/p>\n\n\n\n<p>Contamos contigo para compartir la \u201cPasi\u00f3n Nuclear por la Salud de los Pacientes\u201d en nuestro Congreso SEMNIM2023.<\/p>\n\n\n\n<p>\u00a1Nos vemos en Granada!<\/p>\n\n\n\n<div class=\"wp-block-stackable-columns stk-block-columns stk-block stk-d0c362e\" data-block-id=\"d0c362e\"><div class=\"stk-row stk-inner-blocks stk-block-content stk-content-align stk-d0c362e-column\">\n<div class=\"wp-block-stackable-column stk-block-column stk-block-column--v2 stk-column stk-block stk-5cff826\" data-block-id=\"5cff826\"><div class=\"stk-column-wrapper stk-block-column__content stk-container stk-5cff826-container stk--no-background stk--no-padding\"><div class=\"stk-block-content stk-inner-blocks stk-5cff826-inner-blocks\">\n<div class=\"wp-block-stackable-image stk-block-image has-text-align-center stk-block stk-585b7bb stk-entrance\" data-block-id=\"585b7bb\"><style>.stk-585b7bb{--entrance-transform:translateY(20px) !important;--entrance-delay:0.5s !important}<\/style><figure class=\"stk-img-wrapper stk-image--shape-stretch\"><img loading=\"lazy\" decoding=\"async\" class=\"stk-img wp-image-230\" src=\"https:\/\/congresosemnim.com\/2023\/wp-content\/uploads\/2022\/11\/firma-dra-garcia.png\" width=\"1350\" height=\"510\" srcset=\"https:\/\/congresosemnim.com\/2023\/wp-content\/uploads\/2022\/11\/firma-dra-garcia.png 1350w, https:\/\/congresosemnim.com\/2023\/wp-content\/uploads\/2022\/11\/firma-dra-garcia-300x113.png 300w, https:\/\/congresosemnim.com\/2023\/wp-content\/uploads\/2022\/11\/firma-dra-garcia-1024x387.png 1024w, https:\/\/congresosemnim.com\/2023\/wp-content\/uploads\/2022\/11\/firma-dra-garcia-768x290.png 768w\" sizes=\"auto, (max-width: 1350px) 100vw, 1350px\" \/><\/figure><\/div>\n\n\n\n<div class=\"wp-block-stackable-text stk-block-text stk-block stk-2ace030\" data-block-id=\"2ace030\"><style>.stk-2ace030{margin-bottom:0px !important}<\/style><p class=\"stk-block-text__text has-text-align-center\"><strong><span style=\"color: var(--paletteColor3, #006395);\" class=\"stk-highlight\">Dra. Mar\u00eda Jos\u00e9 Garc\u00eda Velloso<\/span><\/strong><\/p><\/div>\n\n\n\n<div class=\"wp-block-stackable-text stk-block-text stk-block stk-db6d63d\" data-block-id=\"db6d63d\"><style>.stk-db6d63d .stk-block-text__text{font-size:16px !important}@media screen and (max-width:1023px){.stk-db6d63d .stk-block-text__text{font-size:16px !important}}<\/style><p class=\"stk-block-text__text has-text-align-center\">Presidenta del Comit\u00e9 Organizador<\/p><\/div>\n<\/div><\/div><\/div>\n\n\n\n<div class=\"wp-block-stackable-column stk-block-column stk-block-column--v2 stk-column stk-block stk-61f0045\" data-block-id=\"61f0045\"><div class=\"stk-column-wrapper stk-block-column__content stk-container stk-61f0045-container stk--no-background stk--no-padding\"><div class=\"stk-block-content stk-inner-blocks stk-61f0045-inner-blocks\">\n<div class=\"wp-block-stackable-image stk-block-image has-text-align-center stk-block stk-818f752 stk-entrance\" data-block-id=\"818f752\"><style>.stk-818f752{--entrance-transform:translateY(20px) !important;--entrance-delay:1s !important}<\/style><figure class=\"stk-img-wrapper stk-image--shape-stretch\"><img loading=\"lazy\" decoding=\"async\" class=\"stk-img wp-image-228\" src=\"https:\/\/congresosemnim.com\/2023\/wp-content\/uploads\/2022\/11\/firma-dr-garcia.png\" width=\"1350\" height=\"510\" srcset=\"https:\/\/congresosemnim.com\/2023\/wp-content\/uploads\/2022\/11\/firma-dr-garcia.png 1350w, https:\/\/congresosemnim.com\/2023\/wp-content\/uploads\/2022\/11\/firma-dr-garcia-300x113.png 300w, https:\/\/congresosemnim.com\/2023\/wp-content\/uploads\/2022\/11\/firma-dr-garcia-1024x387.png 1024w, https:\/\/congresosemnim.com\/2023\/wp-content\/uploads\/2022\/11\/firma-dr-garcia-768x290.png 768w\" sizes=\"auto, (max-width: 1350px) 100vw, 1350px\" \/><\/figure><\/div>\n\n\n\n<div class=\"wp-block-stackable-text stk-block-text stk-block stk-b990802\" data-block-id=\"b990802\"><style>.stk-b990802{margin-bottom:0px !important}<\/style><p class=\"stk-block-text__text has-text-align-center\"><strong><span style=\"color: var(--paletteColor3, #006395);\" class=\"stk-highlight\">Dr. Jos\u00e9 Ram\u00f3n Garc\u00eda<\/span><\/strong><\/p><\/div>\n\n\n\n<div class=\"wp-block-stackable-text stk-block-text stk-block stk-187a56e\" data-block-id=\"187a56e\"><style>.stk-187a56e .stk-block-text__text{font-size:16px !important}@media screen and (max-width:1023px){.stk-187a56e .stk-block-text__text{font-size:16px !important}}<\/style><p class=\"stk-block-text__text has-text-align-center\">Presidente del Comit\u00e9 Cient\u00edfico de SEMNIM2023<\/p><\/div>\n<\/div><\/div><\/div>\n<\/div><\/div>\n","protected":false},"excerpt":{"rendered":"<p>Bienvenida a SEMNIM23, En nombre de los Comit\u00e9s Organizador, Local y Cient\u00edfico del Congreso SEMNIM2023 nos complace compartir contigo esta cita de Medicina Nuclear e Imagen y Terapia Molecular en el Palacio de Congresos de Granada, del 10 al 12 de mayo de 2023. Queremos agradecer a todas las personas que formamos esta gran Familia [&hellip;]<\/p>\n","protected":false},"author":1,"featured_media":0,"parent":0,"menu_order":0,"comment_status":"closed","ping_status":"closed","template":"","meta":{"footnotes":""},"class_list":["post-233","page","type-page","status-publish","hentry"],"blocksy_meta":{"page_title_panel":"","has_hero_section":"default","f357c9d24bb3e509479b3bb282b8c28d":"","hero_section":"type-1","hero_elements":[{"id":"custom_title","enabled":true,"heading_tag":"h1","title":"Inicio"},{"id":"custom_description","enabled":true,"description_visibility":{"desktop":true,"tablet":true,"mobile":false}},{"id":"custom_meta","enabled":false,"meta_elements":[{"id":"author","enabled":true,"label":"Por","has_author_avatar":"yes","avatar_size":25},{"id":"post_date","enabled":true,"label":"El","date_format_source":"default","date_format":"M j, Y"},{"id":"updated_date","enabled":false,"label":"El","date_format_source":"default","date_format":"M j, Y"},{"id":"categories","enabled":false,"label":"Dentro","style":"simple"},{"id":"comments","enabled":true}],"page_meta_elements":{"joined":true,"articles_count":true,"comments":true}},{"id":"breadcrumbs","enabled":false}],"1018407512afd506589ed97d754b26e6":"","hero_alignment1":"CT_CSS_SKIP_RULE","hero_margin":40,"hero_alignment2":"center","hero_vertical_alignment":"center","eee10caca5929f2d02e1919093db0cfe":"","hero_structure":"narrow","478c2e64b68d1ecf01b612cbd8bd9c79":"","page_title_bg_type":"featured_image","custom_hero_background":{"attachment_id":null},"page_title_image_size":"full","parallax":{"desktop":false,"tablet":false,"mobile":false},"22e74e2ac286142fab8d31dc886a34f4":"","hero_height":"250px","pageTitleFont":{"family":"Default","variation":"Default","size":"30px","line-height":"CT_CSS_SKIP_RULE","letter-spacing":"CT_CSS_SKIP_RULE","text-transform":"CT_CSS_SKIP_RULE","text-decoration":"CT_CSS_SKIP_RULE"},"pageTitleFontColor":{"default":{"color":"CT_CSS_SKIP_RULEDEFAULT"}},"pageMetaFont":{"family":"Default","variation":"n6","size":"12px","line-height":"1.3","letter-spacing":"CT_CSS_SKIP_RULE","text-transform":"uppercase","text-decoration":"CT_CSS_SKIP_RULE"},"pageMetaFontColor":{"default":{"color":"CT_CSS_SKIP_RULEDEFAULT"},"hover":{"color":"CT_CSS_SKIP_RULEDEFAULT"}},"page_meta_button_type_font_colors":{"default":{"color":"CT_CSS_SKIP_RULEDEFAULT"},"hover":{"color":"CT_CSS_SKIP_RULEDEFAULT"}},"page_meta_button_type_background_colors":{"default":{"color":"CT_CSS_SKIP_RULEDEFAULT"},"hover":{"color":"CT_CSS_SKIP_RULEDEFAULT"}},"pageExcerptFont":{"family":"Default","variation":"Default","size":"CT_CSS_SKIP_RULE","line-height":"CT_CSS_SKIP_RULE","letter-spacing":"CT_CSS_SKIP_RULE","text-transform":"CT_CSS_SKIP_RULE","text-decoration":"CT_CSS_SKIP_RULE"},"pageExcerptColor":{"default":{"color":"CT_CSS_SKIP_RULEDEFAULT"}},"breadcrumbsFont":{"family":"Default","variation":"Default","size":"CT_CSS_SKIP_RULE","line-height":"CT_CSS_SKIP_RULE","letter-spacing":"CT_CSS_SKIP_RULE","text-transform":"CT_CSS_SKIP_RULE","text-decoration":"CT_CSS_SKIP_RULE"},"breadcrumbsFontColor":{"default":{"color":"CT_CSS_SKIP_RULEDEFAULT"},"initial":{"color":"CT_CSS_SKIP_RULEDEFAULT"},"hover":{"color":"CT_CSS_SKIP_RULEDEFAULT"}},"pageTitleOverlay":{"background_type":"color","background_pattern":"type-1","background_image":{"attachment_id":null,"x":0,"y":0},"gradient":"linear-gradient(135deg,rgba(6,147,227,1) 0%,rgb(155,81,224) 100%)","background_repeat":"repeat","background_size":"auto","background_attachment":"scroll","patternColor":{"default":{"color":"#e5e7ea"}},"overlayColor":{"default":{"color":"CT_CSS_SKIP_RULE"}},"backgroundColor":{"default":{"color":"CT_CSS_SKIP_RULE"}}},"pageTitleBackground":{"background_type":"color","background_pattern":"type-1","background_image":{"attachment_id":null,"x":0,"y":0},"gradient":"linear-gradient(135deg,rgba(6,147,227,1) 0%,rgb(155,81,224) 100%)","background_repeat":"repeat","background_size":"auto","background_attachment":"scroll","patternColor":{"default":{"color":"#e5e7ea"}},"overlayColor":{"default":{"color":"CT_CSS_SKIP_RULE"}},"backgroundColor":{"default":{"color":"var(--paletteColor6)"}}},"pageTitlePadding":{"top":"50px","bottom":"50px","left":"auto","right":"auto","linked":true},"6bdc8f0c30b65b9136bf8ebc576b9774":"","page_structure_type":"type-3","9324f0384815673dc94b9ef655b125d1":"","content_style_source":"inherit","content_style":"wide","vertical_spacing_source":"inherit","content_area_spacing":"both","background":{"background_type":"color","background_pattern":"type-1","background_image":{"attachment_id":null,"x":0,"y":0},"gradient":"linear-gradient(135deg,rgba(6,147,227,1) 0%,rgb(155,81,224) 100%)","background_repeat":"repeat","background_size":"auto","background_attachment":"scroll","patternColor":{"default":{"color":"#e5e7ea"}},"overlayColor":{"default":{"color":"CT_CSS_SKIP_RULE"}},"backgroundColor":{"default":{"color":"CT_CSS_SKIP_RULE"}}},"content_background":{"background_type":"color","background_pattern":"type-1","background_image":{"attachment_id":null,"x":0,"y":0},"gradient":"linear-gradient(135deg,rgba(6,147,227,1) 0%,rgb(155,81,224) 100%)","background_repeat":"repeat","background_size":"auto","background_attachment":"scroll","patternColor":{"default":{"color":"#e5e7ea"}},"overlayColor":{"default":{"color":"CT_CSS_SKIP_RULE"}},"backgroundColor":{"default":{"color":"var(--paletteColor8)"}}},"content_boxed_shadow":{"inherit":false,"blur":18,"spread":-6,"v_offset":12,"h_offset":0,"inset":false,"enable":true,"color":{"color":"rgba(34, 56, 101, 0.04)"}},"content_boxed_border":{"width":1,"style":"none","color":{"color":"rgba(44,62,80,0.2)"}},"content_boxed_radius":{"top":"3px","bottom":"3px","left":"3px","right":"3px","linked":true},"boxed_content_spacing":{"desktop":{"top":"40px","bottom":"40px","left":"40px","right":"40px","linked":true},"tablet":{"top":"35px","bottom":"35px","left":"35px","right":"35px","linked":true},"mobile":{"top":"20px","bottom":"20px","left":"20px","right":"20px","linked":true}},"24045cecb45659c801c6193162c6bc90":"","disable_featured_image":"no","disable_share_box":"no","disable_header":"no","disable_footer":"no","styles_descriptor":{"styles":{"desktop":"","tablet":"","mobile":""},"google_fonts":[],"version":5}},"featured_image_urls":{"full":"","thumbnail":"","medium":"","medium_large":"","large":"","1536x1536":"","2048x2048":""},"post_excerpt_stackable":"<p>Bienvenida a SEMNIM23, En nombre de los Comit\u00e9s Organizador, Local y Cient\u00edfico del Congreso SEMNIM2023 nos complace compartir contigo esta cita de Medicina Nuclear e Imagen y Terapia Molecular en el Palacio de Congresos de Granada, del 10 al 12 de mayo de 2023. Queremos agradecer a todas las personas que formamos esta gran Familia Nuclear su generosidad, resiliencia y extraordinaria capacidad de afrontar los retos que se han ido planteando desde 2020, cuando planific\u00e1bamos la organizaci\u00f3n de este Congreso. Nuestra intenci\u00f3n es organizar una reuni\u00f3n de la m\u00e1xima calidad cient\u00edfica en la que compartamos nuestros conocimientos bajo el lema&hellip;<\/p>\n","category_list":"","author_info":{"name":"fernandodelavega","url":"https:\/\/congresosemnim.com\/2023\/author\/fernandodelavega\/"},"comments_num":"0 comentarios","_links":{"self":[{"href":"https:\/\/congresosemnim.com\/2023\/wp-json\/wp\/v2\/pages\/233","targetHints":{"allow":["GET"]}}],"collection":[{"href":"https:\/\/congresosemnim.com\/2023\/wp-json\/wp\/v2\/pages"}],"about":[{"href":"https:\/\/congresosemnim.com\/2023\/wp-json\/wp\/v2\/types\/page"}],"author":[{"embeddable":true,"href":"https:\/\/congresosemnim.com\/2023\/wp-json\/wp\/v2\/users\/1"}],"replies":[{"embeddable":true,"href":"https:\/\/congresosemnim.com\/2023\/wp-json\/wp\/v2\/comments?post=233"}],"version-history":[{"count":8,"href":"https:\/\/congresosemnim.com\/2023\/wp-json\/wp\/v2\/pages\/233\/revisions"}],"predecessor-version":[{"id":572,"href":"https:\/\/congresosemnim.com\/2023\/wp-json\/wp\/v2\/pages\/233\/revisions\/572"}],"wp:attachment":[{"href":"https:\/\/congresosemnim.com\/2023\/wp-json\/wp\/v2\/media?parent=233"}],"curies":[{"name":"wp","href":"https:\/\/api.w.org\/{rel}","templated":true}]}}