{"id":215,"date":"2022-11-01T15:55:50","date_gmt":"2022-11-01T15:55:50","guid":{"rendered":"https:\/\/congresosemnim.com\/2023\/?page_id=215"},"modified":"2022-11-01T17:32:00","modified_gmt":"2022-11-01T17:32:00","slug":"bienvenida-del-comite-local","status":"publish","type":"page","link":"https:\/\/congresosemnim.com\/2023\/bienvenida-del-comite-local\/","title":{"rendered":"Bienvenida <br>del Comit\u00e9 Local"},"content":{"rendered":"\n<p><strong><span style=\"color: var(--paletteColor3, #006395);\" class=\"stk-highlight\">Estimados compa\u00f1eros y amigos,<\/span><\/strong><\/p>\n\n\n\n<p>Hace ya m\u00e1s de 16 a\u00f1os que la ciudad de Granada acogi\u00f3 al 27 Congreso Nacional de la SEMN en 2006 y de nuevo estamos muy orgullosos, tanto yo como el resto del Comit\u00e9 Organizador Local, de volver a ser la sede del 39 Congreso Nacional de la SEMNIM, m\u00e1xime despu\u00e9s de haber sufrido una cancelaci\u00f3n en 2020 y un congreso virtual en 2021, como consecuencia de la pandemia que hemos padecido (o estamos padeciendo) y, finalmente, una ausencia de congreso, por coincidencia del congreso europeo en Barcelona en 2022.<\/p>\n\n\n\n<p>Como sabes, este es el evento m\u00e1s importante que organiza nuestra Sociedad y en \u00e9l se vienen presentando los \u00faltimos avances cient\u00edficos y de conocimiento de nuestra especialidad, adem\u00e1s de proporcionar un espacio ideal para compartir nuestras experiencias, tanto desde el punto de vista profesional como humano. Desde el Comit\u00e9 Cient\u00edfico, presidido por el Dr. Garc\u00eda Garz\u00f3n, se est\u00e1 confeccionando un programa que estoy convencido ser\u00e1 del agrado de todos los congresistas y en el que se ver\u00e1n reflejados todos los avances sufridos por nuestra especialidad en los \u00faltimos a\u00f1os. Para ello, como en otras ocasiones, contaremos con profesionales de reconocido prestigio, tanto nacionales como internacionales. Este programa cient\u00edfico debe ser refrendado por vuestra presencia y participaci\u00f3n activa, por lo que os animo a compartir vuestra actividad diaria asistencial y cient\u00edfica en forma de comunicaciones al congreso.<\/p>\n\n\n\n<p>En un Congreso Nacional no todo es la actividad cient\u00edfica, sino que, adem\u00e1s, es un espacio ideal para las relaciones humanas. La ciudad de Granada proporciona el entorno perfecto para ello. Os invito a disfrutar de la misma, en los pocos momentos libres que nos deja un Congreso Nacional, y a perderos por sus calles, visitar sus monumentos (\u00a1ojo con las entradas de la Alhambra!, hay que sacarlas con tiempo en <a href=\"https:\/\/tickets.alhambra-patronato.es\/\" target=\"_blank\" rel=\"noreferrer noopener\">tickets.alhambra-patronato.es<\/a>) y disfrutar de su gastronom\u00eda y sus famosas \u201ctapas\u201d.<\/p>\n\n\n\n<p>Finalmente, quiero agradecer a toda la Junta Directiva de la SEMNIM, as\u00ed como a todos sus socios, por confiar en este Comit\u00e9 y en esta ciudad, Granada, para acoger este 39\u00ba Congreso Nacional de la SEMNIM.<\/p>\n\n\n\n<p>\u00a1Nos vemos en Granada!<\/p>\n\n\n\n<div class=\"wp-block-stackable-columns stk-block-columns stk-block stk-d0c362e\" data-block-id=\"d0c362e\"><div class=\"stk-row stk-inner-blocks stk-block-content stk-content-align stk-d0c362e-column\">\n<div class=\"wp-block-stackable-column stk-block-column stk-block-column--v2 stk-column stk-block stk-5cff826\" data-block-id=\"5cff826\"><div class=\"stk-column-wrapper stk-block-column__content stk-container stk-5cff826-container stk--no-background stk--no-padding\"><div class=\"stk-block-content stk-inner-blocks stk-5cff826-inner-blocks\">\n<div class=\"wp-block-stackable-image stk-block-image has-text-align-center stk-block stk-585b7bb stk-entrance\" data-block-id=\"585b7bb\"><style>.stk-585b7bb{--entrance-transform:translateY(20px) !important;--entrance-delay:0.5s !important}<\/style><figure class=\"stk-img-wrapper stk-image--shape-stretch\"><img loading=\"lazy\" decoding=\"async\" class=\"stk-img wp-image-229\" src=\"https:\/\/congresosemnim.com\/2023\/wp-content\/uploads\/2022\/11\/firma-dr-rodriguez.png\" width=\"1350\" height=\"510\" srcset=\"https:\/\/congresosemnim.com\/2023\/wp-content\/uploads\/2022\/11\/firma-dr-rodriguez.png 1350w, https:\/\/congresosemnim.com\/2023\/wp-content\/uploads\/2022\/11\/firma-dr-rodriguez-300x113.png 300w, https:\/\/congresosemnim.com\/2023\/wp-content\/uploads\/2022\/11\/firma-dr-rodriguez-1024x387.png 1024w, https:\/\/congresosemnim.com\/2023\/wp-content\/uploads\/2022\/11\/firma-dr-rodriguez-768x290.png 768w\" sizes=\"auto, (max-width: 1350px) 100vw, 1350px\" \/><\/figure><\/div>\n\n\n\n<div class=\"wp-block-stackable-text stk-block-text stk-block stk-1295b28\" data-block-id=\"1295b28\"><style>.stk-1295b28{margin-bottom:0px !important}<\/style><p class=\"stk-block-text__text has-text-align-center\"><strong><span style=\"color: var(--paletteColor3, #006395);\" class=\"stk-highlight\">Antonio Rodr\u00edguez Fern\u00e1ndez<\/span><\/strong><\/p><\/div>\n\n\n\n<div class=\"wp-block-stackable-text stk-block-text stk-block stk-8ccff03\" data-block-id=\"8ccff03\"><style>.stk-8ccff03 .stk-block-text__text{font-size:16px !important}@media screen and (max-width:1023px){.stk-8ccff03 .stk-block-text__text{font-size:16px !important}}<\/style><p class=\"stk-block-text__text has-text-align-center\">Presidente del Comit\u00e9 Local<\/p><\/div>\n<\/div><\/div><\/div>\n\n\n\n<div class=\"wp-block-stackable-column stk-block-column stk-block-column--v2 stk-column stk-block stk-786930e\" data-block-id=\"786930e\"><div class=\"stk-column-wrapper stk-block-column__content stk-container stk-786930e-container stk--no-background stk--no-padding\"><div class=\"stk-block-content stk-inner-blocks stk-786930e-inner-blocks\"><\/div><\/div><\/div>\n<\/div><\/div>\n","protected":false},"excerpt":{"rendered":"<p>Estimados compa\u00f1eros y amigos, Hace ya m\u00e1s de 16 a\u00f1os que la ciudad de Granada acogi\u00f3 al 27 Congreso Nacional de la SEMN en 2006 y de nuevo estamos muy orgullosos, tanto yo como el resto del Comit\u00e9 Organizador Local, de volver a ser la sede del 39 Congreso Nacional de la SEMNIM, m\u00e1xime despu\u00e9s [&hellip;]<\/p>\n","protected":false},"author":1,"featured_media":0,"parent":0,"menu_order":0,"comment_status":"closed","ping_status":"closed","template":"","meta":{"footnotes":""},"class_list":["post-215","page","type-page","status-publish","hentry"],"blocksy_meta":{"page_title_panel":"","has_hero_section":"default","f357c9d24bb3e509479b3bb282b8c28d":"","hero_section":"type-1","hero_elements":[{"id":"custom_title","enabled":true,"heading_tag":"h1","title":"Inicio"},{"id":"custom_description","enabled":true,"description_visibility":{"desktop":true,"tablet":true,"mobile":false}},{"id":"custom_meta","enabled":false,"meta_elements":[{"id":"author","enabled":true,"label":"Por","has_author_avatar":"yes","avatar_size":25},{"id":"post_date","enabled":true,"label":"El","date_format_source":"default","date_format":"M j, Y"},{"id":"updated_date","enabled":false,"label":"El","date_format_source":"default","date_format":"M j, Y"},{"id":"categories","enabled":false,"label":"Dentro","style":"simple"},{"id":"comments","enabled":true}],"page_meta_elements":{"joined":true,"articles_count":true,"comments":true}},{"id":"breadcrumbs","enabled":false}],"1018407512afd506589ed97d754b26e6":"","hero_alignment1":"CT_CSS_SKIP_RULE","hero_margin":40,"hero_alignment2":"center","hero_vertical_alignment":"center","eee10caca5929f2d02e1919093db0cfe":"","hero_structure":"narrow","478c2e64b68d1ecf01b612cbd8bd9c79":"","page_title_bg_type":"featured_image","custom_hero_background":{"attachment_id":null},"page_title_image_size":"full","parallax":{"desktop":false,"tablet":false,"mobile":false},"22e74e2ac286142fab8d31dc886a34f4":"","hero_height":"250px","pageTitleFont":{"family":"Default","variation":"Default","size":"30px","line-height":"CT_CSS_SKIP_RULE","letter-spacing":"CT_CSS_SKIP_RULE","text-transform":"CT_CSS_SKIP_RULE","text-decoration":"CT_CSS_SKIP_RULE"},"pageTitleFontColor":{"default":{"color":"CT_CSS_SKIP_RULEDEFAULT"}},"pageMetaFont":{"family":"Default","variation":"n6","size":"12px","line-height":"1.3","letter-spacing":"CT_CSS_SKIP_RULE","text-transform":"uppercase","text-decoration":"CT_CSS_SKIP_RULE"},"pageMetaFontColor":{"default":{"color":"CT_CSS_SKIP_RULEDEFAULT"},"hover":{"color":"CT_CSS_SKIP_RULEDEFAULT"}},"page_meta_button_type_font_colors":{"default":{"color":"CT_CSS_SKIP_RULEDEFAULT"},"hover":{"color":"CT_CSS_SKIP_RULEDEFAULT"}},"page_meta_button_type_background_colors":{"default":{"color":"CT_CSS_SKIP_RULEDEFAULT"},"hover":{"color":"CT_CSS_SKIP_RULEDEFAULT"}},"pageExcerptFont":{"family":"Default","variation":"Default","size":"CT_CSS_SKIP_RULE","line-height":"CT_CSS_SKIP_RULE","letter-spacing":"CT_CSS_SKIP_RULE","text-transform":"CT_CSS_SKIP_RULE","text-decoration":"CT_CSS_SKIP_RULE"},"pageExcerptColor":{"default":{"color":"CT_CSS_SKIP_RULEDEFAULT"}},"breadcrumbsFont":{"family":"Default","variation":"Default","size":"CT_CSS_SKIP_RULE","line-height":"CT_CSS_SKIP_RULE","letter-spacing":"CT_CSS_SKIP_RULE","text-transform":"CT_CSS_SKIP_RULE","text-decoration":"CT_CSS_SKIP_RULE"},"breadcrumbsFontColor":{"default":{"color":"CT_CSS_SKIP_RULEDEFAULT"},"initial":{"color":"CT_CSS_SKIP_RULEDEFAULT"},"hover":{"color":"CT_CSS_SKIP_RULEDEFAULT"}},"pageTitleOverlay":{"background_type":"color","background_pattern":"type-1","background_image":{"attachment_id":null,"x":0,"y":0},"gradient":"linear-gradient(135deg,rgba(6,147,227,1) 0%,rgb(155,81,224) 100%)","background_repeat":"repeat","background_size":"auto","background_attachment":"scroll","patternColor":{"default":{"color":"#e5e7ea"}},"overlayColor":{"default":{"color":"CT_CSS_SKIP_RULE"}},"backgroundColor":{"default":{"color":"CT_CSS_SKIP_RULE"}}},"pageTitleBackground":{"background_type":"color","background_pattern":"type-1","background_image":{"attachment_id":null,"x":0,"y":0},"gradient":"linear-gradient(135deg,rgba(6,147,227,1) 0%,rgb(155,81,224) 100%)","background_repeat":"repeat","background_size":"auto","background_attachment":"scroll","patternColor":{"default":{"color":"#e5e7ea"}},"overlayColor":{"default":{"color":"CT_CSS_SKIP_RULE"}},"backgroundColor":{"default":{"color":"var(--paletteColor6)"}}},"pageTitlePadding":{"top":"50px","bottom":"50px","left":"auto","right":"auto","linked":true},"6bdc8f0c30b65b9136bf8ebc576b9774":"","page_structure_type":"type-3","9324f0384815673dc94b9ef655b125d1":"","content_style_source":"inherit","content_style":"wide","vertical_spacing_source":"inherit","content_area_spacing":"both","background":{"background_type":"color","background_pattern":"type-1","background_image":{"attachment_id":null,"x":0,"y":0},"gradient":"linear-gradient(135deg,rgba(6,147,227,1) 0%,rgb(155,81,224) 100%)","background_repeat":"repeat","background_size":"auto","background_attachment":"scroll","patternColor":{"default":{"color":"#e5e7ea"}},"overlayColor":{"default":{"color":"CT_CSS_SKIP_RULE"}},"backgroundColor":{"default":{"color":"CT_CSS_SKIP_RULE"}}},"content_background":{"background_type":"color","background_pattern":"type-1","background_image":{"attachment_id":null,"x":0,"y":0},"gradient":"linear-gradient(135deg,rgba(6,147,227,1) 0%,rgb(155,81,224) 100%)","background_repeat":"repeat","background_size":"auto","background_attachment":"scroll","patternColor":{"default":{"color":"#e5e7ea"}},"overlayColor":{"default":{"color":"CT_CSS_SKIP_RULE"}},"backgroundColor":{"default":{"color":"var(--paletteColor8)"}}},"content_boxed_shadow":{"inherit":false,"blur":18,"spread":-6,"v_offset":12,"h_offset":0,"inset":false,"enable":true,"color":{"color":"rgba(34, 56, 101, 0.04)"}},"content_boxed_border":{"width":1,"style":"none","color":{"color":"rgba(44,62,80,0.2)"}},"content_boxed_radius":{"top":"3px","bottom":"3px","left":"3px","right":"3px","linked":true},"boxed_content_spacing":{"desktop":{"top":"40px","bottom":"40px","left":"40px","right":"40px","linked":true},"tablet":{"top":"35px","bottom":"35px","left":"35px","right":"35px","linked":true},"mobile":{"top":"20px","bottom":"20px","left":"20px","right":"20px","linked":true}},"24045cecb45659c801c6193162c6bc90":"","disable_featured_image":"no","disable_share_box":"no","disable_header":"no","disable_footer":"no","styles_descriptor":{"styles":{"desktop":"","tablet":"","mobile":""},"google_fonts":[],"version":5}},"featured_image_urls":{"full":"","thumbnail":"","medium":"","medium_large":"","large":"","1536x1536":"","2048x2048":""},"post_excerpt_stackable":"<p>Estimados compa\u00f1eros y amigos, Hace ya m\u00e1s de 16 a\u00f1os que la ciudad de Granada acogi\u00f3 al 27 Congreso Nacional de la SEMN en 2006 y de nuevo estamos muy orgullosos, tanto yo como el resto del Comit\u00e9 Organizador Local, de volver a ser la sede del 39 Congreso Nacional de la SEMNIM, m\u00e1xime despu\u00e9s de haber sufrido una cancelaci\u00f3n en 2020 y un congreso virtual en 2021, como consecuencia de la pandemia que hemos padecido (o estamos padeciendo) y, finalmente, una ausencia de congreso, por coincidencia del congreso europeo en Barcelona en 2022. Como sabes, este es el evento&hellip;<\/p>\n","category_list":"","author_info":{"name":"fernandodelavega","url":"https:\/\/congresosemnim.com\/2023\/author\/fernandodelavega\/"},"comments_num":"0 comentarios","_links":{"self":[{"href":"https:\/\/congresosemnim.com\/2023\/wp-json\/wp\/v2\/pages\/215","targetHints":{"allow":["GET"]}}],"collection":[{"href":"https:\/\/congresosemnim.com\/2023\/wp-json\/wp\/v2\/pages"}],"about":[{"href":"https:\/\/congresosemnim.com\/2023\/wp-json\/wp\/v2\/types\/page"}],"author":[{"embeddable":true,"href":"https:\/\/congresosemnim.com\/2023\/wp-json\/wp\/v2\/users\/1"}],"replies":[{"embeddable":true,"href":"https:\/\/congresosemnim.com\/2023\/wp-json\/wp\/v2\/comments?post=215"}],"version-history":[{"count":9,"href":"https:\/\/congresosemnim.com\/2023\/wp-json\/wp\/v2\/pages\/215\/revisions"}],"predecessor-version":[{"id":271,"href":"https:\/\/congresosemnim.com\/2023\/wp-json\/wp\/v2\/pages\/215\/revisions\/271"}],"wp:attachment":[{"href":"https:\/\/congresosemnim.com\/2023\/wp-json\/wp\/v2\/media?parent=215"}],"curies":[{"name":"wp","href":"https:\/\/api.w.org\/{rel}","templated":true}]}}